{"id":10,"date":"2021-03-09T08:16:16","date_gmt":"2021-03-09T08:16:16","guid":{"rendered":"http:\/\/apartamentlazurowy.pl\/leba\/noclegi\/?page_id=10"},"modified":"2024-06-26T12:01:55","modified_gmt":"2024-06-26T12:01:55","slug":"kontakt","status":"publish","type":"page","link":"http:\/\/apartamentlazurowy.pl\/leba\/kontakt\/","title":{"rendered":"Kontakt"},"content":{"rendered":"\t\t<div data-elementor-type=\"wp-page\" data-elementor-id=\"10\" class=\"elementor elementor-10\">\n\t\t\t\t\t\t<section class=\"elementor-section elementor-top-section elementor-element elementor-element-32be37db elementor-section-boxed elementor-section-height-default elementor-section-height-default\" data-id=\"32be37db\" data-element_type=\"section\">\n\t\t\t\t\t\t<div class=\"elementor-container elementor-column-gap-default\">\n\t\t\t\t\t<div class=\"elementor-column elementor-col-100 elementor-top-column elementor-element elementor-element-17827f67\" data-id=\"17827f67\" data-element_type=\"column\">\n\t\t\t<div class=\"elementor-widget-wrap elementor-element-populated\">\n\t\t\t\t\t\t<div class=\"elementor-element elementor-element-45026755 elementor-widget elementor-widget-text-editor\" data-id=\"45026755\" data-element_type=\"widget\" data-widget_type=\"text-editor.default\">\n\t\t\t\t<div class=\"elementor-widget-container\">\n\t\t\t\t\t\t\t\t\t<p><\/p>\n<p class=\"has-text-align-center\"><strong>Apartament Lazurowy<\/strong><br>84-360 \u0141EBA &#8211; \u017bARNOWSKA<br>ul. L\u0119borska 18 b\/7<br><a href=\"http:\/\/www.ApartamentLazurowy.pl\">www.ApartamentLazurowy.pl<\/a><br><br>Rezerwacja telefoniczna: 607 977 015<br>lub 601 638 678<br>Rezerwacja SMS: 601 638 678<br>Rezerwacja WhatsApp: 607 977 015<br>Rezerwacja przez Facebook i Messenger&nbsp;<br><a href=\"https:\/\/www.facebook.com\/apartamentlazurowy\" target=\"_blank\" rel=\"noreferrer noopener\">https:\/\/www.facebook.com\/apartamentlazurowy<\/a><br>Rezerwacja email:&nbsp;<a href=\"e-mail:&nbsp;ApartamentLazurowyLeba@gmail.com\"><\/a><a href=\"mailto:apartamentlazurowyleba@gmail.com\">ApartamentLazurowyLeba@gmail.com<\/a><br>Reservation: 00 48 601 638 678<br>\u0410\u0440\u0435\u043d\u0434\u0430 \u043a\u0432\u0430\u0440\u0442\u0438\u0440\u044b: 00 48 601 638 678<br>Dane GPS 54.726912, 17.549909<\/p>\n<p><\/p>\n<p><\/p>\n<p><a href=\"https:\/\/www.google.com\/maps\/place\/Apartament+Lazurowy+%C5%81eba+z+basenem+nad+morzem\/@54.7512751,17.5380872,8306m\/data=!3m1!1e3!4m5!3m4!1s0x0:0x7cae650de2a4b6ef!8m2!3d54.726896!4d17.550031\" target=\"_blank\" rel=\"noreferrer noopener\">Lokalizacja i dojazd na mapie google &#8211; &gt;<\/a><\/p>\n<p><\/p>\t\t\t\t\t\t\t\t<\/div>\n\t\t\t\t<\/div>\n\t\t\t\t\t<\/div>\n\t\t<\/div>\n\t\t\t\t\t<\/div>\n\t\t<\/section>\n\t\t\t\t<section class=\"elementor-section elementor-top-section elementor-element elementor-element-669255f elementor-section-boxed elementor-section-height-default elementor-section-height-default\" data-id=\"669255f\" data-element_type=\"section\">\n\t\t\t\t\t\t<div class=\"elementor-container elementor-column-gap-default\">\n\t\t\t\t\t<div class=\"elementor-column elementor-col-100 elementor-top-column elementor-element elementor-element-bf5d313\" data-id=\"bf5d313\" data-element_type=\"column\">\n\t\t\t<div class=\"elementor-widget-wrap elementor-element-populated\">\n\t\t\t\t\t\t<div class=\"elementor-element elementor-element-2ec2c13 elementor-align-center elementor-widget__width-inherit elementor-invisible elementor-widget elementor-widget-button\" data-id=\"2ec2c13\" data-element_type=\"widget\" data-settings=\"{&quot;_animation&quot;:&quot;fadeIn&quot;}\" data-widget_type=\"button.default\">\n\t\t\t\t<div class=\"elementor-widget-container\">\n\t\t\t\t\t\t\t\t\t<div class=\"elementor-button-wrapper\">\n\t\t\t\t\t<a class=\"elementor-button elementor-button-link elementor-size-sm\" href=\"https:\/\/maps.app.goo.gl\/gSyBeLeQN1g42CHeA\">\n\t\t\t\t\t\t<span class=\"elementor-button-content-wrapper\">\n\t\t\t\t\t\t<span class=\"elementor-button-icon\">\n\t\t\t\t<i aria-hidden=\"true\" class=\"fas fa-map-marked-alt\"><\/i>\t\t\t<\/span>\n\t\t\t\t\t\t\t\t\t<span class=\"elementor-button-text\">Mapka Google<\/span>\n\t\t\t\t\t<\/span>\n\t\t\t\t\t<\/a>\n\t\t\t\t<\/div>\n\t\t\t\t\t\t\t\t<\/div>\n\t\t\t\t<\/div>\n\t\t\t\t\t<\/div>\n\t\t<\/div>\n\t\t\t\t\t<\/div>\n\t\t<\/section>\n\t\t\t\t<\/div>\n\t\t","protected":false},"excerpt":{"rendered":"<p>Apartament Lazurowy84-360 \u0141EBA &#8211; \u017bARNOWSKAul. L\u0119borska 18 b\/7www.ApartamentLazurowy.pl Rezerwacja telefoniczna: 607 977 015lub 601 638 678Rezerwacja SMS: 601 638 678Rezerwacja WhatsApp: 607 977 015Rezerwacja przez Facebook i Messenger&nbsp;https:\/\/www.facebook.com\/apartamentlazurowyRezerwacja email:&nbsp;ApartamentLazurowyLeba@gmail.comReservation: 00 48 601 638 678\u0410\u0440\u0435\u043d\u0434\u0430 \u043a\u0432\u0430\u0440\u0442\u0438\u0440\u044b: 00 48 601 638 678Dane GPS 54.726912, 17.549909 Lokalizacja i dojazd na mapie google &#8211; &gt; Mapka Google<\/p>\n","protected":false},"author":1,"featured_media":71,"parent":0,"menu_order":0,"comment_status":"closed","ping_status":"closed","template":"","meta":{"footnotes":""},"class_list":["post-10","page","type-page","status-publish","has-post-thumbnail","hentry"],"yoast_head":"<!-- This site is optimized with the Yoast SEO plugin v24.7 - https:\/\/yoast.com\/wordpress\/plugins\/seo\/ -->\n<title>Kontakt - Apartament z basenem nad morzem<\/title>\n<meta name=\"robots\" content=\"index, follow, max-snippet:-1, max-image-preview:large, max-video-preview:-1\" \/>\n<link rel=\"canonical\" href=\"https:\/\/apartamentlazurowy.pl\/leba\/kontakt\/\" \/>\n<meta property=\"og:locale\" content=\"pl_PL\" \/>\n<meta property=\"og:type\" content=\"article\" \/>\n<meta property=\"og:title\" content=\"Kontakt - Apartament z basenem nad morzem\" \/>\n<meta property=\"og:description\" content=\"Apartament Lazurowy84-360 \u0141EBA &#8211; \u017bARNOWSKAul. L\u0119borska 18 b\/7www.ApartamentLazurowy.pl Rezerwacja telefoniczna: 607 977 015lub 601 638 678Rezerwacja SMS: 601 638 678Rezerwacja WhatsApp: 607 977 015Rezerwacja przez Facebook i Messenger&nbsp;https:\/\/www.facebook.com\/apartamentlazurowyRezerwacja email:&nbsp;ApartamentLazurowyLeba@gmail.comReservation: 00 48 601 638 678\u0410\u0440\u0435\u043d\u0434\u0430 \u043a\u0432\u0430\u0440\u0442\u0438\u0440\u044b: 00 48 601 638 678Dane GPS 54.726912, 17.549909 Lokalizacja i dojazd na mapie google &#8211; &gt; Mapka Google\" \/>\n<meta property=\"og:url\" content=\"https:\/\/apartamentlazurowy.pl\/leba\/kontakt\/\" \/>\n<meta property=\"og:site_name\" content=\"Apartament z basenem nad morzem\" \/>\n<meta property=\"article:modified_time\" content=\"2024-06-26T12:01:55+00:00\" \/>\n<meta property=\"og:image\" content=\"https:\/\/apartamentlazurowy.pl\/leba\/wp-content\/uploads\/2021\/03\/foka_kontakt.jpg\" \/>\n\t<meta property=\"og:image:width\" content=\"2500\" \/>\n\t<meta property=\"og:image:height\" content=\"1674\" \/>\n\t<meta property=\"og:image:type\" content=\"image\/jpeg\" \/>\n<meta name=\"twitter:card\" content=\"summary_large_image\" \/>\n<meta name=\"twitter:label1\" content=\"Szacowany czas czytania\" \/>\n\t<meta name=\"twitter:data1\" content=\"1 minuta\" \/>\n<script type=\"application\/ld+json\" class=\"yoast-schema-graph\">{\"@context\":\"https:\/\/schema.org\",\"@graph\":[{\"@type\":\"WebPage\",\"@id\":\"https:\/\/apartamentlazurowy.pl\/leba\/kontakt\/\",\"url\":\"https:\/\/apartamentlazurowy.pl\/leba\/kontakt\/\",\"name\":\"Kontakt - Apartament z basenem nad morzem\",\"isPartOf\":{\"@id\":\"http:\/\/apartamentlazurowy.pl\/leba\/#website\"},\"primaryImageOfPage\":{\"@id\":\"https:\/\/apartamentlazurowy.pl\/leba\/kontakt\/#primaryimage\"},\"image\":{\"@id\":\"https:\/\/apartamentlazurowy.pl\/leba\/kontakt\/#primaryimage\"},\"thumbnailUrl\":\"http:\/\/apartamentlazurowy.pl\/leba\/wp-content\/uploads\/2021\/03\/foka_kontakt.jpg\",\"datePublished\":\"2021-03-09T08:16:16+00:00\",\"dateModified\":\"2024-06-26T12:01:55+00:00\",\"breadcrumb\":{\"@id\":\"https:\/\/apartamentlazurowy.pl\/leba\/kontakt\/#breadcrumb\"},\"inLanguage\":\"pl-PL\",\"potentialAction\":[{\"@type\":\"ReadAction\",\"target\":[\"https:\/\/apartamentlazurowy.pl\/leba\/kontakt\/\"]}]},{\"@type\":\"ImageObject\",\"inLanguage\":\"pl-PL\",\"@id\":\"https:\/\/apartamentlazurowy.pl\/leba\/kontakt\/#primaryimage\",\"url\":\"http:\/\/apartamentlazurowy.pl\/leba\/wp-content\/uploads\/2021\/03\/foka_kontakt.jpg\",\"contentUrl\":\"http:\/\/apartamentlazurowy.pl\/leba\/wp-content\/uploads\/2021\/03\/foka_kontakt.jpg\",\"width\":2500,\"height\":1674,\"caption\":\"telefon \u0142eba\"},{\"@type\":\"BreadcrumbList\",\"@id\":\"https:\/\/apartamentlazurowy.pl\/leba\/kontakt\/#breadcrumb\",\"itemListElement\":[{\"@type\":\"ListItem\",\"position\":1,\"name\":\"Strona g\u0142\u00f3wna\",\"item\":\"http:\/\/apartamentlazurowy.pl\/leba\/\"},{\"@type\":\"ListItem\",\"position\":2,\"name\":\"Kontakt\"}]},{\"@type\":\"WebSite\",\"@id\":\"http:\/\/apartamentlazurowy.pl\/leba\/#website\",\"url\":\"http:\/\/apartamentlazurowy.pl\/leba\/\",\"name\":\"Apartament z basenem nad morzem\",\"description\":\"Noclegi, \u0141eba, Basen, Kort, Tel. 607 977 015\",\"publisher\":{\"@id\":\"http:\/\/apartamentlazurowy.pl\/leba\/#organization\"},\"potentialAction\":[{\"@type\":\"SearchAction\",\"target\":{\"@type\":\"EntryPoint\",\"urlTemplate\":\"http:\/\/apartamentlazurowy.pl\/leba\/?s={search_term_string}\"},\"query-input\":{\"@type\":\"PropertyValueSpecification\",\"valueRequired\":true,\"valueName\":\"search_term_string\"}}],\"inLanguage\":\"pl-PL\"},{\"@type\":\"Organization\",\"@id\":\"http:\/\/apartamentlazurowy.pl\/leba\/#organization\",\"name\":\"Apartament z basenem nad morzem\",\"url\":\"http:\/\/apartamentlazurowy.pl\/leba\/\",\"logo\":{\"@type\":\"ImageObject\",\"inLanguage\":\"pl-PL\",\"@id\":\"http:\/\/apartamentlazurowy.pl\/leba\/#\/schema\/logo\/image\/\",\"url\":\"http:\/\/apartamentlazurowy.pl\/leba\/wp-content\/uploads\/2021\/03\/cropped-apartament_lazurowy.png\",\"contentUrl\":\"http:\/\/apartamentlazurowy.pl\/leba\/wp-content\/uploads\/2021\/03\/cropped-apartament_lazurowy.png\",\"width\":1950,\"height\":250,\"caption\":\"Apartament z basenem nad morzem\"},\"image\":{\"@id\":\"http:\/\/apartamentlazurowy.pl\/leba\/#\/schema\/logo\/image\/\"}}]}<\/script>\n<!-- \/ Yoast SEO plugin. -->","yoast_head_json":{"title":"Kontakt - Apartament z basenem nad morzem","robots":{"index":"index","follow":"follow","max-snippet":"max-snippet:-1","max-image-preview":"max-image-preview:large","max-video-preview":"max-video-preview:-1"},"canonical":"https:\/\/apartamentlazurowy.pl\/leba\/kontakt\/","og_locale":"pl_PL","og_type":"article","og_title":"Kontakt - Apartament z basenem nad morzem","og_description":"Apartament Lazurowy84-360 \u0141EBA &#8211; \u017bARNOWSKAul. L\u0119borska 18 b\/7www.ApartamentLazurowy.pl Rezerwacja telefoniczna: 607 977 015lub 601 638 678Rezerwacja SMS: 601 638 678Rezerwacja WhatsApp: 607 977 015Rezerwacja przez Facebook i Messenger&nbsp;https:\/\/www.facebook.com\/apartamentlazurowyRezerwacja email:&nbsp;ApartamentLazurowyLeba@gmail.comReservation: 00 48 601 638 678\u0410\u0440\u0435\u043d\u0434\u0430 \u043a\u0432\u0430\u0440\u0442\u0438\u0440\u044b: 00 48 601 638 678Dane GPS 54.726912, 17.549909 Lokalizacja i dojazd na mapie google &#8211; &gt; Mapka Google","og_url":"https:\/\/apartamentlazurowy.pl\/leba\/kontakt\/","og_site_name":"Apartament z basenem nad morzem","article_modified_time":"2024-06-26T12:01:55+00:00","og_image":[{"width":2500,"height":1674,"url":"https:\/\/apartamentlazurowy.pl\/leba\/wp-content\/uploads\/2021\/03\/foka_kontakt.jpg","type":"image\/jpeg"}],"twitter_card":"summary_large_image","twitter_misc":{"Szacowany czas czytania":"1 minuta"},"schema":{"@context":"https:\/\/schema.org","@graph":[{"@type":"WebPage","@id":"https:\/\/apartamentlazurowy.pl\/leba\/kontakt\/","url":"https:\/\/apartamentlazurowy.pl\/leba\/kontakt\/","name":"Kontakt - Apartament z basenem nad morzem","isPartOf":{"@id":"http:\/\/apartamentlazurowy.pl\/leba\/#website"},"primaryImageOfPage":{"@id":"https:\/\/apartamentlazurowy.pl\/leba\/kontakt\/#primaryimage"},"image":{"@id":"https:\/\/apartamentlazurowy.pl\/leba\/kontakt\/#primaryimage"},"thumbnailUrl":"http:\/\/apartamentlazurowy.pl\/leba\/wp-content\/uploads\/2021\/03\/foka_kontakt.jpg","datePublished":"2021-03-09T08:16:16+00:00","dateModified":"2024-06-26T12:01:55+00:00","breadcrumb":{"@id":"https:\/\/apartamentlazurowy.pl\/leba\/kontakt\/#breadcrumb"},"inLanguage":"pl-PL","potentialAction":[{"@type":"ReadAction","target":["https:\/\/apartamentlazurowy.pl\/leba\/kontakt\/"]}]},{"@type":"ImageObject","inLanguage":"pl-PL","@id":"https:\/\/apartamentlazurowy.pl\/leba\/kontakt\/#primaryimage","url":"http:\/\/apartamentlazurowy.pl\/leba\/wp-content\/uploads\/2021\/03\/foka_kontakt.jpg","contentUrl":"http:\/\/apartamentlazurowy.pl\/leba\/wp-content\/uploads\/2021\/03\/foka_kontakt.jpg","width":2500,"height":1674,"caption":"telefon \u0142eba"},{"@type":"BreadcrumbList","@id":"https:\/\/apartamentlazurowy.pl\/leba\/kontakt\/#breadcrumb","itemListElement":[{"@type":"ListItem","position":1,"name":"Strona g\u0142\u00f3wna","item":"http:\/\/apartamentlazurowy.pl\/leba\/"},{"@type":"ListItem","position":2,"name":"Kontakt"}]},{"@type":"WebSite","@id":"http:\/\/apartamentlazurowy.pl\/leba\/#website","url":"http:\/\/apartamentlazurowy.pl\/leba\/","name":"Apartament z basenem nad morzem","description":"Noclegi, \u0141eba, Basen, Kort, Tel. 607 977 015","publisher":{"@id":"http:\/\/apartamentlazurowy.pl\/leba\/#organization"},"potentialAction":[{"@type":"SearchAction","target":{"@type":"EntryPoint","urlTemplate":"http:\/\/apartamentlazurowy.pl\/leba\/?s={search_term_string}"},"query-input":{"@type":"PropertyValueSpecification","valueRequired":true,"valueName":"search_term_string"}}],"inLanguage":"pl-PL"},{"@type":"Organization","@id":"http:\/\/apartamentlazurowy.pl\/leba\/#organization","name":"Apartament z basenem nad morzem","url":"http:\/\/apartamentlazurowy.pl\/leba\/","logo":{"@type":"ImageObject","inLanguage":"pl-PL","@id":"http:\/\/apartamentlazurowy.pl\/leba\/#\/schema\/logo\/image\/","url":"http:\/\/apartamentlazurowy.pl\/leba\/wp-content\/uploads\/2021\/03\/cropped-apartament_lazurowy.png","contentUrl":"http:\/\/apartamentlazurowy.pl\/leba\/wp-content\/uploads\/2021\/03\/cropped-apartament_lazurowy.png","width":1950,"height":250,"caption":"Apartament z basenem nad morzem"},"image":{"@id":"http:\/\/apartamentlazurowy.pl\/leba\/#\/schema\/logo\/image\/"}}]}},"_links":{"self":[{"href":"http:\/\/apartamentlazurowy.pl\/leba\/wp-json\/wp\/v2\/pages\/10","targetHints":{"allow":["GET"]}}],"collection":[{"href":"http:\/\/apartamentlazurowy.pl\/leba\/wp-json\/wp\/v2\/pages"}],"about":[{"href":"http:\/\/apartamentlazurowy.pl\/leba\/wp-json\/wp\/v2\/types\/page"}],"author":[{"embeddable":true,"href":"http:\/\/apartamentlazurowy.pl\/leba\/wp-json\/wp\/v2\/users\/1"}],"replies":[{"embeddable":true,"href":"http:\/\/apartamentlazurowy.pl\/leba\/wp-json\/wp\/v2\/comments?post=10"}],"version-history":[{"count":41,"href":"http:\/\/apartamentlazurowy.pl\/leba\/wp-json\/wp\/v2\/pages\/10\/revisions"}],"predecessor-version":[{"id":445,"href":"http:\/\/apartamentlazurowy.pl\/leba\/wp-json\/wp\/v2\/pages\/10\/revisions\/445"}],"wp:featuredmedia":[{"embeddable":true,"href":"http:\/\/apartamentlazurowy.pl\/leba\/wp-json\/wp\/v2\/media\/71"}],"wp:attachment":[{"href":"http:\/\/apartamentlazurowy.pl\/leba\/wp-json\/wp\/v2\/media?parent=10"}],"curies":[{"name":"wp","href":"https:\/\/api.w.org\/{rel}","templated":true}]}}