{"id":9,"date":"2021-03-09T08:16:16","date_gmt":"2021-03-09T08:16:16","guid":{"rendered":"http:\/\/apartamentlazurowy.pl\/leba\/noclegi\/?page_id=9"},"modified":"2024-06-26T12:06:39","modified_gmt":"2024-06-26T12:06:39","slug":"apartament-nad-morzem","status":"publish","type":"page","link":"http:\/\/apartamentlazurowy.pl\/leba\/apartament-nad-morzem\/","title":{"rendered":"Apartament"},"content":{"rendered":"\n<figure class=\"wp-block-table\"><table><tbody><tr><td><strong>Apartament Lazurowy nad morzem w \u0141ebie<\/strong><\/td><\/tr><\/tbody><\/table><\/figure>\n\n\n\n<p>Serdecznie zapraszamy do sp\u0119dzenia Pa\u0144stwa wolnego czasu w naszym lazurowym apartamencie nad morzem w \u0141ebie. Apartament jest usytuowany w odleg\u0142o\u015bci <strong>ok. 3 km od \u0141eby w zamkni\u0119tym i atrakcyjnie wyposa\u017conym kompleksie apartament\u00f3w<\/strong>. Na terenie osiedla znajduje si\u0119:<\/p>\n\n\n\n<ul class=\"wp-block-list\"><li><strong>basen z podgrzewan\u0105 wod\u0105,<\/strong><\/li><li><strong>kort tenisowy,<\/strong><\/li><li><strong>boisko do siatkowej pi\u0142ki pla\u017cowej,<\/strong><\/li><li><strong>plac zabaw dla dzieci.<\/strong><\/li><\/ul>\n\n\n\n<p>Basen do p\u0142ywania z wydzielon\u0105 p\u0142ytk\u0105 cz\u0119\u015bci\u0105 dla dzieci. Basen i kort jest do pe\u0142nej i bezp\u0142atnej dyspozycji dla naszych go\u015bci. (basen odkryty jest czynny w okresie letnim). W apartamencie znajduje si\u0119 sejf. Do naszego apartamentu przypisane jest miejsce parkingowe na zamkni\u0119tym terenie osiedla.<\/p>\n\n\n\n<p>Apartament nasz jest <strong>dwu kondygnacyjny<\/strong> zlokalizowany na 1 pi\u0119trze. Powierzchnia apartamentu to 40 m2 oraz pi\u0119tro 34 m2 (skosy). Apartament jest w pe\u0142ni wyposa\u017cony i przygotowany do przyj\u0119cia naszych go\u015bci. Na dole znajduje si\u0119 salon, aneks kuchenny, pok\u00f3j oraz \u0142azienka z prysznicem i pralk\u0105. Na pi\u0119trze sypialnia i korytarz. Do mieszkania przynale\u017cy <strong>du\u017cy balkon<\/strong> \u0142\u0105cz\u0105cy ze sob\u0105 2 pokoje. Balkon i okna s\u0105 usytuowane od <strong>strony po\u0142udniowo &#8211; zachodniej<\/strong> z <strong>widokiem na basen i kort<\/strong> a w oddali na jezioro \u0141ebsko. Takie po\u0142o\u017cenie apartamentu i balkonu pozwala na mi\u0142e sp\u0119dzenie czasu w rozs\u0142onecznionym apartamencie czy wieczorne podziwianie zachodu s\u0142o\u0144ca.<\/p>\n","protected":false},"excerpt":{"rendered":"<p>Apartament Lazurowy nad morzem w \u0141ebie Serdecznie zapraszamy do sp\u0119dzenia Pa\u0144stwa wolnego czasu w naszym lazurowym apartamencie nad morzem w \u0141ebie. Apartament jest usytuowany w odleg\u0142o\u015bci ok. 3 km od \u0141eby w zamkni\u0119tym i atrakcyjnie wyposa\u017conym kompleksie apartament\u00f3w. Na terenie osiedla znajduje si\u0119: basen z podgrzewan\u0105 wod\u0105, kort tenisowy, boisko do siatkowej pi\u0142ki pla\u017cowej, plac &hellip; <\/p>\n<p class=\"link-more\"><a href=\"http:\/\/apartamentlazurowy.pl\/leba\/apartament-nad-morzem\/\" class=\"more-link\">Czytaj dalej<span class=\"screen-reader-text\"> \u201eApartament\u201d<\/span><\/a><\/p>\n","protected":false},"author":1,"featured_media":55,"parent":0,"menu_order":0,"comment_status":"closed","ping_status":"closed","template":"","meta":{"footnotes":""},"class_list":["post-9","page","type-page","status-publish","has-post-thumbnail","hentry"],"yoast_head":"<!-- This site is optimized with the Yoast SEO plugin v24.7 - https:\/\/yoast.com\/wordpress\/plugins\/seo\/ -->\n<title>Apartament Lazurowy, Apartament z basenem nad morzem, Noclegi \u0141eba.<\/title>\n<meta name=\"description\" content=\"Apartamenty \u0141eba, kwatery nad morzem \u0141eba Apartamenty, Apartament Lazurowy w \u0141ebie, Apartamenty z basenem i kortem nad morzem w \u0141ebie. Noclegi\" \/>\n<meta name=\"robots\" content=\"index, follow, max-snippet:-1, max-image-preview:large, max-video-preview:-1\" \/>\n<link rel=\"canonical\" href=\"http:\/\/apartamentlazurowy.pl\/leba\/apartament-nad-morzem\/\" \/>\n<meta property=\"og:locale\" content=\"pl_PL\" \/>\n<meta property=\"og:type\" content=\"article\" \/>\n<meta property=\"og:title\" content=\"Apartament Lazurowy, Apartament z basenem nad morzem, Noclegi \u0141eba.\" \/>\n<meta property=\"og:description\" content=\"Apartamenty \u0141eba, kwatery nad morzem \u0141eba Apartamenty, Apartament Lazurowy w \u0141ebie, Apartamenty z basenem i kortem nad morzem w \u0141ebie. Noclegi\" \/>\n<meta property=\"og:url\" content=\"http:\/\/apartamentlazurowy.pl\/leba\/apartament-nad-morzem\/\" \/>\n<meta property=\"og:site_name\" content=\"Apartament z basenem nad morzem\" \/>\n<meta property=\"article:modified_time\" content=\"2024-06-26T12:06:39+00:00\" \/>\n<meta property=\"og:image\" content=\"http:\/\/apartamentlazurowy.pl\/leba\/wp-content\/uploads\/2021\/03\/noclegi-apartament-leba.jpg\" \/>\n\t<meta property=\"og:image:width\" content=\"2500\" \/>\n\t<meta property=\"og:image:height\" content=\"1674\" \/>\n\t<meta property=\"og:image:type\" content=\"image\/jpeg\" \/>\n<meta name=\"twitter:card\" content=\"summary_large_image\" \/>\n<meta name=\"twitter:label1\" content=\"Szacowany czas czytania\" \/>\n\t<meta name=\"twitter:data1\" content=\"2 minuty\" \/>\n<script type=\"application\/ld+json\" class=\"yoast-schema-graph\">{\"@context\":\"https:\/\/schema.org\",\"@graph\":[{\"@type\":\"WebPage\",\"@id\":\"http:\/\/apartamentlazurowy.pl\/leba\/apartament-nad-morzem\/\",\"url\":\"http:\/\/apartamentlazurowy.pl\/leba\/apartament-nad-morzem\/\",\"name\":\"Apartament Lazurowy, Apartament z basenem nad morzem, Noclegi \u0141eba.\",\"isPartOf\":{\"@id\":\"http:\/\/apartamentlazurowy.pl\/leba\/#website\"},\"primaryImageOfPage\":{\"@id\":\"http:\/\/apartamentlazurowy.pl\/leba\/apartament-nad-morzem\/#primaryimage\"},\"image\":{\"@id\":\"http:\/\/apartamentlazurowy.pl\/leba\/apartament-nad-morzem\/#primaryimage\"},\"thumbnailUrl\":\"http:\/\/apartamentlazurowy.pl\/leba\/wp-content\/uploads\/2021\/03\/noclegi-apartament-leba.jpg\",\"datePublished\":\"2021-03-09T08:16:16+00:00\",\"dateModified\":\"2024-06-26T12:06:39+00:00\",\"description\":\"Apartamenty \u0141eba, kwatery nad morzem \u0141eba Apartamenty, Apartament Lazurowy w \u0141ebie, Apartamenty z basenem i kortem nad morzem w \u0141ebie. Noclegi\",\"breadcrumb\":{\"@id\":\"http:\/\/apartamentlazurowy.pl\/leba\/apartament-nad-morzem\/#breadcrumb\"},\"inLanguage\":\"pl-PL\",\"potentialAction\":[{\"@type\":\"ReadAction\",\"target\":[\"http:\/\/apartamentlazurowy.pl\/leba\/apartament-nad-morzem\/\"]}]},{\"@type\":\"ImageObject\",\"inLanguage\":\"pl-PL\",\"@id\":\"http:\/\/apartamentlazurowy.pl\/leba\/apartament-nad-morzem\/#primaryimage\",\"url\":\"http:\/\/apartamentlazurowy.pl\/leba\/wp-content\/uploads\/2021\/03\/noclegi-apartament-leba.jpg\",\"contentUrl\":\"http:\/\/apartamentlazurowy.pl\/leba\/wp-content\/uploads\/2021\/03\/noclegi-apartament-leba.jpg\",\"width\":2500,\"height\":1674,\"caption\":\"noclegi apartament \u0142eba\"},{\"@type\":\"BreadcrumbList\",\"@id\":\"http:\/\/apartamentlazurowy.pl\/leba\/apartament-nad-morzem\/#breadcrumb\",\"itemListElement\":[{\"@type\":\"ListItem\",\"position\":1,\"name\":\"Strona g\u0142\u00f3wna\",\"item\":\"https:\/\/apartamentlazurowy.pl\/leba\/\"},{\"@type\":\"ListItem\",\"position\":2,\"name\":\"Apartament\"}]},{\"@type\":\"WebSite\",\"@id\":\"http:\/\/apartamentlazurowy.pl\/leba\/#website\",\"url\":\"http:\/\/apartamentlazurowy.pl\/leba\/\",\"name\":\"Apartament z basenem nad morzem\",\"description\":\"Noclegi, \u0141eba, Basen, Kort, Tel. 607 977 015\",\"publisher\":{\"@id\":\"http:\/\/apartamentlazurowy.pl\/leba\/#organization\"},\"potentialAction\":[{\"@type\":\"SearchAction\",\"target\":{\"@type\":\"EntryPoint\",\"urlTemplate\":\"http:\/\/apartamentlazurowy.pl\/leba\/?s={search_term_string}\"},\"query-input\":{\"@type\":\"PropertyValueSpecification\",\"valueRequired\":true,\"valueName\":\"search_term_string\"}}],\"inLanguage\":\"pl-PL\"},{\"@type\":\"Organization\",\"@id\":\"http:\/\/apartamentlazurowy.pl\/leba\/#organization\",\"name\":\"Apartament z basenem nad morzem\",\"url\":\"http:\/\/apartamentlazurowy.pl\/leba\/\",\"logo\":{\"@type\":\"ImageObject\",\"inLanguage\":\"pl-PL\",\"@id\":\"http:\/\/apartamentlazurowy.pl\/leba\/#\/schema\/logo\/image\/\",\"url\":\"http:\/\/apartamentlazurowy.pl\/leba\/wp-content\/uploads\/2021\/03\/cropped-apartament_lazurowy.png\",\"contentUrl\":\"http:\/\/apartamentlazurowy.pl\/leba\/wp-content\/uploads\/2021\/03\/cropped-apartament_lazurowy.png\",\"width\":1950,\"height\":250,\"caption\":\"Apartament z basenem nad morzem\"},\"image\":{\"@id\":\"http:\/\/apartamentlazurowy.pl\/leba\/#\/schema\/logo\/image\/\"}}]}<\/script>\n<!-- \/ Yoast SEO plugin. -->","yoast_head_json":{"title":"Apartament Lazurowy, Apartament z basenem nad morzem, Noclegi \u0141eba.","description":"Apartamenty \u0141eba, kwatery nad morzem \u0141eba Apartamenty, Apartament Lazurowy w \u0141ebie, Apartamenty z basenem i kortem nad morzem w \u0141ebie. Noclegi","robots":{"index":"index","follow":"follow","max-snippet":"max-snippet:-1","max-image-preview":"max-image-preview:large","max-video-preview":"max-video-preview:-1"},"canonical":"http:\/\/apartamentlazurowy.pl\/leba\/apartament-nad-morzem\/","og_locale":"pl_PL","og_type":"article","og_title":"Apartament Lazurowy, Apartament z basenem nad morzem, Noclegi \u0141eba.","og_description":"Apartamenty \u0141eba, kwatery nad morzem \u0141eba Apartamenty, Apartament Lazurowy w \u0141ebie, Apartamenty z basenem i kortem nad morzem w \u0141ebie. Noclegi","og_url":"http:\/\/apartamentlazurowy.pl\/leba\/apartament-nad-morzem\/","og_site_name":"Apartament z basenem nad morzem","article_modified_time":"2024-06-26T12:06:39+00:00","og_image":[{"width":2500,"height":1674,"url":"http:\/\/apartamentlazurowy.pl\/leba\/wp-content\/uploads\/2021\/03\/noclegi-apartament-leba.jpg","type":"image\/jpeg"}],"twitter_card":"summary_large_image","twitter_misc":{"Szacowany czas czytania":"2 minuty"},"schema":{"@context":"https:\/\/schema.org","@graph":[{"@type":"WebPage","@id":"http:\/\/apartamentlazurowy.pl\/leba\/apartament-nad-morzem\/","url":"http:\/\/apartamentlazurowy.pl\/leba\/apartament-nad-morzem\/","name":"Apartament Lazurowy, Apartament z basenem nad morzem, Noclegi \u0141eba.","isPartOf":{"@id":"http:\/\/apartamentlazurowy.pl\/leba\/#website"},"primaryImageOfPage":{"@id":"http:\/\/apartamentlazurowy.pl\/leba\/apartament-nad-morzem\/#primaryimage"},"image":{"@id":"http:\/\/apartamentlazurowy.pl\/leba\/apartament-nad-morzem\/#primaryimage"},"thumbnailUrl":"http:\/\/apartamentlazurowy.pl\/leba\/wp-content\/uploads\/2021\/03\/noclegi-apartament-leba.jpg","datePublished":"2021-03-09T08:16:16+00:00","dateModified":"2024-06-26T12:06:39+00:00","description":"Apartamenty \u0141eba, kwatery nad morzem \u0141eba Apartamenty, Apartament Lazurowy w \u0141ebie, Apartamenty z basenem i kortem nad morzem w \u0141ebie. Noclegi","breadcrumb":{"@id":"http:\/\/apartamentlazurowy.pl\/leba\/apartament-nad-morzem\/#breadcrumb"},"inLanguage":"pl-PL","potentialAction":[{"@type":"ReadAction","target":["http:\/\/apartamentlazurowy.pl\/leba\/apartament-nad-morzem\/"]}]},{"@type":"ImageObject","inLanguage":"pl-PL","@id":"http:\/\/apartamentlazurowy.pl\/leba\/apartament-nad-morzem\/#primaryimage","url":"http:\/\/apartamentlazurowy.pl\/leba\/wp-content\/uploads\/2021\/03\/noclegi-apartament-leba.jpg","contentUrl":"http:\/\/apartamentlazurowy.pl\/leba\/wp-content\/uploads\/2021\/03\/noclegi-apartament-leba.jpg","width":2500,"height":1674,"caption":"noclegi apartament \u0142eba"},{"@type":"BreadcrumbList","@id":"http:\/\/apartamentlazurowy.pl\/leba\/apartament-nad-morzem\/#breadcrumb","itemListElement":[{"@type":"ListItem","position":1,"name":"Strona g\u0142\u00f3wna","item":"https:\/\/apartamentlazurowy.pl\/leba\/"},{"@type":"ListItem","position":2,"name":"Apartament"}]},{"@type":"WebSite","@id":"http:\/\/apartamentlazurowy.pl\/leba\/#website","url":"http:\/\/apartamentlazurowy.pl\/leba\/","name":"Apartament z basenem nad morzem","description":"Noclegi, \u0141eba, Basen, Kort, Tel. 607 977 015","publisher":{"@id":"http:\/\/apartamentlazurowy.pl\/leba\/#organization"},"potentialAction":[{"@type":"SearchAction","target":{"@type":"EntryPoint","urlTemplate":"http:\/\/apartamentlazurowy.pl\/leba\/?s={search_term_string}"},"query-input":{"@type":"PropertyValueSpecification","valueRequired":true,"valueName":"search_term_string"}}],"inLanguage":"pl-PL"},{"@type":"Organization","@id":"http:\/\/apartamentlazurowy.pl\/leba\/#organization","name":"Apartament z basenem nad morzem","url":"http:\/\/apartamentlazurowy.pl\/leba\/","logo":{"@type":"ImageObject","inLanguage":"pl-PL","@id":"http:\/\/apartamentlazurowy.pl\/leba\/#\/schema\/logo\/image\/","url":"http:\/\/apartamentlazurowy.pl\/leba\/wp-content\/uploads\/2021\/03\/cropped-apartament_lazurowy.png","contentUrl":"http:\/\/apartamentlazurowy.pl\/leba\/wp-content\/uploads\/2021\/03\/cropped-apartament_lazurowy.png","width":1950,"height":250,"caption":"Apartament z basenem nad morzem"},"image":{"@id":"http:\/\/apartamentlazurowy.pl\/leba\/#\/schema\/logo\/image\/"}}]}},"_links":{"self":[{"href":"http:\/\/apartamentlazurowy.pl\/leba\/wp-json\/wp\/v2\/pages\/9","targetHints":{"allow":["GET"]}}],"collection":[{"href":"http:\/\/apartamentlazurowy.pl\/leba\/wp-json\/wp\/v2\/pages"}],"about":[{"href":"http:\/\/apartamentlazurowy.pl\/leba\/wp-json\/wp\/v2\/types\/page"}],"author":[{"embeddable":true,"href":"http:\/\/apartamentlazurowy.pl\/leba\/wp-json\/wp\/v2\/users\/1"}],"replies":[{"embeddable":true,"href":"http:\/\/apartamentlazurowy.pl\/leba\/wp-json\/wp\/v2\/comments?post=9"}],"version-history":[{"count":6,"href":"http:\/\/apartamentlazurowy.pl\/leba\/wp-json\/wp\/v2\/pages\/9\/revisions"}],"predecessor-version":[{"id":446,"href":"http:\/\/apartamentlazurowy.pl\/leba\/wp-json\/wp\/v2\/pages\/9\/revisions\/446"}],"wp:featuredmedia":[{"embeddable":true,"href":"http:\/\/apartamentlazurowy.pl\/leba\/wp-json\/wp\/v2\/media\/55"}],"wp:attachment":[{"href":"http:\/\/apartamentlazurowy.pl\/leba\/wp-json\/wp\/v2\/media?parent=9"}],"curies":[{"name":"wp","href":"https:\/\/api.w.org\/{rel}","templated":true}]}}