{"id":93,"date":"2021-03-11T07:07:07","date_gmt":"2021-03-11T07:07:07","guid":{"rendered":"http:\/\/apartamentlazurowy.pl\/leba\/noclegi\/?page_id=93"},"modified":"2025-01-19T22:19:37","modified_gmt":"2025-01-19T22:19:37","slug":"rezerwacja_apartament","status":"publish","type":"page","link":"http:\/\/apartamentlazurowy.pl\/leba\/rezerwacja_apartament\/","title":{"rendered":"Rezerwacja\/Ceny"},"content":{"rendered":"\n<figure class=\"wp-block-table is-style-regular\"><table><tbody><tr><td><br>Rezerwacja apartamentu &#8211; cennik wynajmu<\/td><\/tr><\/tbody><\/table><\/figure>\n\n\n\n<p>Apartament jest obiektem ca\u0142orocznym. Poza sezonem letnim mo\u017cliwe s\u0105 kr\u00f3tkie &#8211; weekendowe wynajmy. W okresie letnim tj. lipiec &#8211; sierpie\u0144 minimalny okres wynajmu to <strong>7 dni<\/strong>. Pobyty w naszym apartamencie rozpoczyna i ko\u0144czy si\u0119 w <strong>sobot\u0119<\/strong>. Doba pobytu: rozpoczyna si\u0119 od godziny 14.00 w dniu przyjazdu a ko\u0144czy si\u0119 w dniu wyjazdu o godz. 10.00<br>W apartamencie lazurowym mo\u017ce go\u015bci\u0107 maksymalnie do <strong>8 os\u00f3b w tym 4 osoby doros\u0142e i 4 dzieci.<\/strong> (zapraszamy bez zwierz\u0105t). <strong>Apartament znajduje si\u0119 na I pi\u0119trze i jest dwu poziomowy z widokiem na basen.<\/strong><\/p>\n\n\n\n<p>Zadzwo\u0144 i Zr\u00f3b Rezerwacje &#8211; tel. 607 977 015 lub 601 638 678<br>Napisz SMS na numer 601 638 678 &#8211; zapytaj o wolny termin<br>Napisz wiadomo\u015b\u0107 na WhatsApp na numer 607 977 015 &#8211; zapytaj o wolny termin<\/p>\n\n\n\n<p><strong>Ceny wynajmu apartamentu:<\/strong><\/p>\n\n\n\n<p class=\"has-pale-cyan-blue-background-color has-background\">W terminie do 14 czerwca:<br>300 &#8211; 350 z\u0142\/dziennie (pobyt do 4 os\u00f3b); <br>350 &#8211; 400 z\u0142\/dziennie (pobyt 5 i wi\u0119cej os\u00f3b)<\/p>\n\n\n\n<p class=\"has-background\" style=\"background-color:#95f297\">od 14 czerwca do 28 czerwca:<br>350 &#8211; 400 z\u0142\/dziennie (pobyt do 4 os\u00f3b)<br>400 &#8211; 450 z\u0142\/dziennie (pobyt 5 i wi\u0119cej os\u00f3b)<\/p>\n\n\n\n<p class=\"has-background\" style=\"background-color:#fef31c\"><strong>od 28 czerwca do 23 sierpnia:<\/strong><br><strong>400 &#8211; 450 z\u0142\/dziennie (pobyt do 4 os\u00f3b)<\/strong><br><strong>450 &#8211; 550 z\u0142\/dziennie (pobyt 5 i wi\u0119cej os\u00f3b)<\/strong><\/p>\n\n\n\n<p class=\"has-background\" style=\"background-color:#95f297\">od 23 sierpnia do 6 wrzesie\u0144 :<br>350 &#8211; 400 z\u0142\/dziennie (pobyt do 4 os\u00f3b)<br>400 &#8211; 450 z\u0142\/dziennie (pobyt 5 i wi\u0119cej os\u00f3b)<\/p>\n\n\n\n<p class=\"has-pale-cyan-blue-background-color has-background\">Od 6 wrze\u015bnia i w pozosta\u0142e miesi\u0105ce roku:<br>300 &#8211; 350 z\u0142\/dziennie (pobyt do 4 os\u00f3b); <br>350 &#8211; 400 z\u0142\/dziennie (pobyt 5 i wi\u0119cej os\u00f3b)<\/p>\n\n\n\n<p>Nie uczestniczymy w programie bonu turystycznego.<br><br>Rezerwacj\u0119 mo\u017cna dokona\u0107 poprzez e-mail: <a href=\"mailto:apartamentlazurowyleba@gmail.com\">apartamentlazurowyleba@gmail.com<\/a><br>lub telefonicznie 607 977 015 lub 601 638 678<\/p>\n\n\n\n<p>Rezerwacja zostanie potwierdzona e-mailowo. Dla potwierdzenia rezerwacji nale\u017cy dokona\u0107 wp\u0142aty 30 % zaliczki na podany drog\u0105 e-mailow\u0105 rachunek bankowy.<br>Pe\u0142na informacja i rezerwacje: telefon 607 977 015<br>Przy wynajmie pobierana jest kaucja zwrotna 300 z\u0142<\/p>\n\n\n\n<p>Serdecznie zapraszamy.<\/p>\n\n\n\n<p>Polub nas na Facebook&#8217;u <a href=\"https:\/\/www.facebook.com\/apartamentlazurowy\/\">https:\/\/www.facebook.com\/apartamentlazurowy\/<\/a><\/p>\n\n\n\n<p><strong>Przyjed\u017a do \u0141eby, czeka wypoczynek, morze i basen !<\/strong><br>czekaj\u0105 dinozaury w swoim parku,<br>czeka ruchoma wydma (sama mo\u017ce nie przyj\u015b\u0107, trzeba do niej przyjecha\u0107)<br>czekaj\u0105 przeja\u017cd\u017cki \u0142odzi\u0105 po morzu przy zachodzie s\u0142o\u0144ca<br>czekaj\u0105 kluby i restauracje<\/p>\n","protected":false},"excerpt":{"rendered":"<p>Rezerwacja apartamentu &#8211; cennik wynajmu Apartament jest obiektem ca\u0142orocznym. Poza sezonem letnim mo\u017cliwe s\u0105 kr\u00f3tkie &#8211; weekendowe wynajmy. W okresie letnim tj. lipiec &#8211; sierpie\u0144 minimalny okres wynajmu to 7 dni. Pobyty w naszym apartamencie rozpoczyna i ko\u0144czy si\u0119 w sobot\u0119. Doba pobytu: rozpoczyna si\u0119 od godziny 14.00 w dniu przyjazdu a ko\u0144czy si\u0119 w &hellip; <\/p>\n<p class=\"link-more\"><a href=\"http:\/\/apartamentlazurowy.pl\/leba\/rezerwacja_apartament\/\" class=\"more-link\">Czytaj dalej<span class=\"screen-reader-text\"> \u201eRezerwacja\/Ceny\u201d<\/span><\/a><\/p>\n","protected":false},"author":1,"featured_media":94,"parent":0,"menu_order":0,"comment_status":"closed","ping_status":"closed","template":"","meta":{"footnotes":""},"class_list":["post-93","page","type-page","status-publish","has-post-thumbnail","hentry"],"yoast_head":"<!-- This site is optimized with the Yoast SEO plugin v24.7 - https:\/\/yoast.com\/wordpress\/plugins\/seo\/ -->\n<title>Apartament z basenem nad morzem Rezerwacja, Cena, Ceny, Noclegi<\/title>\n<meta name=\"description\" content=\"Cena nocleg\u00f3w nad morzem, Cennik \u0141eba, Rezerwacja noclegu nad morzem, noclegi z basenem nad morzem, \u0141eba. Cennik wiosna, lato, jesie\u0144\" \/>\n<meta name=\"robots\" content=\"index, follow, max-snippet:-1, max-image-preview:large, max-video-preview:-1\" \/>\n<link rel=\"canonical\" href=\"http:\/\/apartamentlazurowy.pl\/leba\/rezerwacja_apartament\/\" \/>\n<meta property=\"og:locale\" content=\"pl_PL\" \/>\n<meta property=\"og:type\" content=\"article\" \/>\n<meta property=\"og:title\" content=\"Apartament z basenem nad morzem Rezerwacja, Cena, Ceny, Noclegi\" \/>\n<meta property=\"og:description\" content=\"Cena nocleg\u00f3w nad morzem, Cennik \u0141eba, Rezerwacja noclegu nad morzem, noclegi z basenem nad morzem, \u0141eba. Cennik wiosna, lato, jesie\u0144\" \/>\n<meta property=\"og:url\" content=\"http:\/\/apartamentlazurowy.pl\/leba\/rezerwacja_apartament\/\" \/>\n<meta property=\"og:site_name\" content=\"Apartament z basenem nad morzem\" \/>\n<meta property=\"article:modified_time\" content=\"2025-01-19T22:19:37+00:00\" \/>\n<meta property=\"og:image\" content=\"http:\/\/apartamentlazurowy.pl\/leba\/wp-content\/uploads\/2021\/03\/apartament-z-basenm-rezerwacja.jpg\" \/>\n\t<meta property=\"og:image:width\" content=\"2500\" \/>\n\t<meta property=\"og:image:height\" content=\"1674\" \/>\n\t<meta property=\"og:image:type\" content=\"image\/jpeg\" \/>\n<meta name=\"twitter:card\" content=\"summary_large_image\" \/>\n<meta name=\"twitter:label1\" content=\"Szacowany czas czytania\" \/>\n\t<meta name=\"twitter:data1\" content=\"3 minuty\" \/>\n<script type=\"application\/ld+json\" class=\"yoast-schema-graph\">{\"@context\":\"https:\/\/schema.org\",\"@graph\":[{\"@type\":\"WebPage\",\"@id\":\"http:\/\/apartamentlazurowy.pl\/leba\/rezerwacja_apartament\/\",\"url\":\"http:\/\/apartamentlazurowy.pl\/leba\/rezerwacja_apartament\/\",\"name\":\"Apartament z basenem nad morzem Rezerwacja, Cena, Ceny, Noclegi\",\"isPartOf\":{\"@id\":\"http:\/\/apartamentlazurowy.pl\/leba\/#website\"},\"primaryImageOfPage\":{\"@id\":\"http:\/\/apartamentlazurowy.pl\/leba\/rezerwacja_apartament\/#primaryimage\"},\"image\":{\"@id\":\"http:\/\/apartamentlazurowy.pl\/leba\/rezerwacja_apartament\/#primaryimage\"},\"thumbnailUrl\":\"http:\/\/apartamentlazurowy.pl\/leba\/wp-content\/uploads\/2021\/03\/apartament-z-basenm-rezerwacja.jpg\",\"datePublished\":\"2021-03-11T07:07:07+00:00\",\"dateModified\":\"2025-01-19T22:19:37+00:00\",\"description\":\"Cena nocleg\u00f3w nad morzem, Cennik \u0141eba, Rezerwacja noclegu nad morzem, noclegi z basenem nad morzem, \u0141eba. Cennik wiosna, lato, jesie\u0144\",\"breadcrumb\":{\"@id\":\"http:\/\/apartamentlazurowy.pl\/leba\/rezerwacja_apartament\/#breadcrumb\"},\"inLanguage\":\"pl-PL\",\"potentialAction\":[{\"@type\":\"ReadAction\",\"target\":[\"http:\/\/apartamentlazurowy.pl\/leba\/rezerwacja_apartament\/\"]}]},{\"@type\":\"ImageObject\",\"inLanguage\":\"pl-PL\",\"@id\":\"http:\/\/apartamentlazurowy.pl\/leba\/rezerwacja_apartament\/#primaryimage\",\"url\":\"http:\/\/apartamentlazurowy.pl\/leba\/wp-content\/uploads\/2021\/03\/apartament-z-basenm-rezerwacja.jpg\",\"contentUrl\":\"http:\/\/apartamentlazurowy.pl\/leba\/wp-content\/uploads\/2021\/03\/apartament-z-basenm-rezerwacja.jpg\",\"width\":2500,\"height\":1674,\"caption\":\"apartament z basenm rezerwacja\"},{\"@type\":\"BreadcrumbList\",\"@id\":\"http:\/\/apartamentlazurowy.pl\/leba\/rezerwacja_apartament\/#breadcrumb\",\"itemListElement\":[{\"@type\":\"ListItem\",\"position\":1,\"name\":\"Strona g\u0142\u00f3wna\",\"item\":\"https:\/\/apartamentlazurowy.pl\/leba\/\"},{\"@type\":\"ListItem\",\"position\":2,\"name\":\"Rezerwacja\/Ceny\"}]},{\"@type\":\"WebSite\",\"@id\":\"http:\/\/apartamentlazurowy.pl\/leba\/#website\",\"url\":\"http:\/\/apartamentlazurowy.pl\/leba\/\",\"name\":\"Apartament z basenem nad morzem\",\"description\":\"Noclegi, \u0141eba, Basen, Kort, Tel. 607 977 015\",\"publisher\":{\"@id\":\"http:\/\/apartamentlazurowy.pl\/leba\/#organization\"},\"potentialAction\":[{\"@type\":\"SearchAction\",\"target\":{\"@type\":\"EntryPoint\",\"urlTemplate\":\"http:\/\/apartamentlazurowy.pl\/leba\/?s={search_term_string}\"},\"query-input\":{\"@type\":\"PropertyValueSpecification\",\"valueRequired\":true,\"valueName\":\"search_term_string\"}}],\"inLanguage\":\"pl-PL\"},{\"@type\":\"Organization\",\"@id\":\"http:\/\/apartamentlazurowy.pl\/leba\/#organization\",\"name\":\"Apartament z basenem nad morzem\",\"url\":\"http:\/\/apartamentlazurowy.pl\/leba\/\",\"logo\":{\"@type\":\"ImageObject\",\"inLanguage\":\"pl-PL\",\"@id\":\"http:\/\/apartamentlazurowy.pl\/leba\/#\/schema\/logo\/image\/\",\"url\":\"http:\/\/apartamentlazurowy.pl\/leba\/wp-content\/uploads\/2021\/03\/cropped-apartament_lazurowy.png\",\"contentUrl\":\"http:\/\/apartamentlazurowy.pl\/leba\/wp-content\/uploads\/2021\/03\/cropped-apartament_lazurowy.png\",\"width\":1950,\"height\":250,\"caption\":\"Apartament z basenem nad morzem\"},\"image\":{\"@id\":\"http:\/\/apartamentlazurowy.pl\/leba\/#\/schema\/logo\/image\/\"}}]}<\/script>\n<!-- \/ Yoast SEO plugin. -->","yoast_head_json":{"title":"Apartament z basenem nad morzem Rezerwacja, Cena, Ceny, Noclegi","description":"Cena nocleg\u00f3w nad morzem, Cennik \u0141eba, Rezerwacja noclegu nad morzem, noclegi z basenem nad morzem, \u0141eba. Cennik wiosna, lato, jesie\u0144","robots":{"index":"index","follow":"follow","max-snippet":"max-snippet:-1","max-image-preview":"max-image-preview:large","max-video-preview":"max-video-preview:-1"},"canonical":"http:\/\/apartamentlazurowy.pl\/leba\/rezerwacja_apartament\/","og_locale":"pl_PL","og_type":"article","og_title":"Apartament z basenem nad morzem Rezerwacja, Cena, Ceny, Noclegi","og_description":"Cena nocleg\u00f3w nad morzem, Cennik \u0141eba, Rezerwacja noclegu nad morzem, noclegi z basenem nad morzem, \u0141eba. Cennik wiosna, lato, jesie\u0144","og_url":"http:\/\/apartamentlazurowy.pl\/leba\/rezerwacja_apartament\/","og_site_name":"Apartament z basenem nad morzem","article_modified_time":"2025-01-19T22:19:37+00:00","og_image":[{"width":2500,"height":1674,"url":"http:\/\/apartamentlazurowy.pl\/leba\/wp-content\/uploads\/2021\/03\/apartament-z-basenm-rezerwacja.jpg","type":"image\/jpeg"}],"twitter_card":"summary_large_image","twitter_misc":{"Szacowany czas czytania":"3 minuty"},"schema":{"@context":"https:\/\/schema.org","@graph":[{"@type":"WebPage","@id":"http:\/\/apartamentlazurowy.pl\/leba\/rezerwacja_apartament\/","url":"http:\/\/apartamentlazurowy.pl\/leba\/rezerwacja_apartament\/","name":"Apartament z basenem nad morzem Rezerwacja, Cena, Ceny, Noclegi","isPartOf":{"@id":"http:\/\/apartamentlazurowy.pl\/leba\/#website"},"primaryImageOfPage":{"@id":"http:\/\/apartamentlazurowy.pl\/leba\/rezerwacja_apartament\/#primaryimage"},"image":{"@id":"http:\/\/apartamentlazurowy.pl\/leba\/rezerwacja_apartament\/#primaryimage"},"thumbnailUrl":"http:\/\/apartamentlazurowy.pl\/leba\/wp-content\/uploads\/2021\/03\/apartament-z-basenm-rezerwacja.jpg","datePublished":"2021-03-11T07:07:07+00:00","dateModified":"2025-01-19T22:19:37+00:00","description":"Cena nocleg\u00f3w nad morzem, Cennik \u0141eba, Rezerwacja noclegu nad morzem, noclegi z basenem nad morzem, \u0141eba. Cennik wiosna, lato, jesie\u0144","breadcrumb":{"@id":"http:\/\/apartamentlazurowy.pl\/leba\/rezerwacja_apartament\/#breadcrumb"},"inLanguage":"pl-PL","potentialAction":[{"@type":"ReadAction","target":["http:\/\/apartamentlazurowy.pl\/leba\/rezerwacja_apartament\/"]}]},{"@type":"ImageObject","inLanguage":"pl-PL","@id":"http:\/\/apartamentlazurowy.pl\/leba\/rezerwacja_apartament\/#primaryimage","url":"http:\/\/apartamentlazurowy.pl\/leba\/wp-content\/uploads\/2021\/03\/apartament-z-basenm-rezerwacja.jpg","contentUrl":"http:\/\/apartamentlazurowy.pl\/leba\/wp-content\/uploads\/2021\/03\/apartament-z-basenm-rezerwacja.jpg","width":2500,"height":1674,"caption":"apartament z basenm rezerwacja"},{"@type":"BreadcrumbList","@id":"http:\/\/apartamentlazurowy.pl\/leba\/rezerwacja_apartament\/#breadcrumb","itemListElement":[{"@type":"ListItem","position":1,"name":"Strona g\u0142\u00f3wna","item":"https:\/\/apartamentlazurowy.pl\/leba\/"},{"@type":"ListItem","position":2,"name":"Rezerwacja\/Ceny"}]},{"@type":"WebSite","@id":"http:\/\/apartamentlazurowy.pl\/leba\/#website","url":"http:\/\/apartamentlazurowy.pl\/leba\/","name":"Apartament z basenem nad morzem","description":"Noclegi, \u0141eba, Basen, Kort, Tel. 607 977 015","publisher":{"@id":"http:\/\/apartamentlazurowy.pl\/leba\/#organization"},"potentialAction":[{"@type":"SearchAction","target":{"@type":"EntryPoint","urlTemplate":"http:\/\/apartamentlazurowy.pl\/leba\/?s={search_term_string}"},"query-input":{"@type":"PropertyValueSpecification","valueRequired":true,"valueName":"search_term_string"}}],"inLanguage":"pl-PL"},{"@type":"Organization","@id":"http:\/\/apartamentlazurowy.pl\/leba\/#organization","name":"Apartament z basenem nad morzem","url":"http:\/\/apartamentlazurowy.pl\/leba\/","logo":{"@type":"ImageObject","inLanguage":"pl-PL","@id":"http:\/\/apartamentlazurowy.pl\/leba\/#\/schema\/logo\/image\/","url":"http:\/\/apartamentlazurowy.pl\/leba\/wp-content\/uploads\/2021\/03\/cropped-apartament_lazurowy.png","contentUrl":"http:\/\/apartamentlazurowy.pl\/leba\/wp-content\/uploads\/2021\/03\/cropped-apartament_lazurowy.png","width":1950,"height":250,"caption":"Apartament z basenem nad morzem"},"image":{"@id":"http:\/\/apartamentlazurowy.pl\/leba\/#\/schema\/logo\/image\/"}}]}},"_links":{"self":[{"href":"http:\/\/apartamentlazurowy.pl\/leba\/wp-json\/wp\/v2\/pages\/93","targetHints":{"allow":["GET"]}}],"collection":[{"href":"http:\/\/apartamentlazurowy.pl\/leba\/wp-json\/wp\/v2\/pages"}],"about":[{"href":"http:\/\/apartamentlazurowy.pl\/leba\/wp-json\/wp\/v2\/types\/page"}],"author":[{"embeddable":true,"href":"http:\/\/apartamentlazurowy.pl\/leba\/wp-json\/wp\/v2\/users\/1"}],"replies":[{"embeddable":true,"href":"http:\/\/apartamentlazurowy.pl\/leba\/wp-json\/wp\/v2\/comments?post=93"}],"version-history":[{"count":24,"href":"http:\/\/apartamentlazurowy.pl\/leba\/wp-json\/wp\/v2\/pages\/93\/revisions"}],"predecessor-version":[{"id":460,"href":"http:\/\/apartamentlazurowy.pl\/leba\/wp-json\/wp\/v2\/pages\/93\/revisions\/460"}],"wp:featuredmedia":[{"embeddable":true,"href":"http:\/\/apartamentlazurowy.pl\/leba\/wp-json\/wp\/v2\/media\/94"}],"wp:attachment":[{"href":"http:\/\/apartamentlazurowy.pl\/leba\/wp-json\/wp\/v2\/media?parent=93"}],"curies":[{"name":"wp","href":"https:\/\/api.w.org\/{rel}","templated":true}]}}