{"id":12,"date":"2021-03-09T08:16:16","date_gmt":"2021-03-09T08:16:16","guid":{"rendered":"http:\/\/apartamentlazurowy.pl\/leba\/noclegi\/?page_id=12"},"modified":"2021-03-10T21:51:39","modified_gmt":"2021-03-10T21:51:39","slug":"atrakcje_turystyczne_leba","status":"publish","type":"page","link":"https:\/\/apartamentlazurowy.pl\/leba\/atrakcje_turystyczne_leba\/","title":{"rendered":"Atrakcje Turystyczne \u0141eba"},"content":{"rendered":"\n<p><strong>Atrakcje turystyczne w \u0141ebie i okolicy<\/strong><br>Poni\u017cej podajemy przybli\u017cone odleg\u0142o\u015bci do wybranych miejsc w okolicy:<\/p>\n\n\n\n<p>park dinozaur\u00f3w w \u0141ebie &#8211; ok. 3 km<br>Pla\u017ca i morze &#8211; ok. 3 km<br>Sowi\u0144ski Park Narodowy &#8211; ok. 3 km<br>ruchome wydmy &#8211; ok. 4 km<br>\u0141eba Park dinozaur\u00f3w &#8211; ok 2 km.<br>Sea Park &#8211; ok. 4 km<br>stadnina koni w Now\u0119cinie &#8211; ok. 4 km<br>najbli\u017cszy sklep spo\u017cywczy, restauracja &#8211; ok. 1 km<\/p>\n\n\n\n<p>Taka lokalizacja pozwala na spokojne sp\u0119dzenie w\u0142asnego czasu wolnego w cichym i spokojnym miejscu w &#8222;bezpiecznej&#8221; odleg\u0142o\u015bci od uci\u0105\u017cliwego zgie\u0142ku \u0141eby, a zarazem blisko\u015b\u0107 do niej daje mo\u017cliwo\u015b\u0107 skorzystania z niesamowitych jej atrakcji w dowolnej chwili. Osiedle znajduje si\u0119 w otulinie S\u0142owi\u0144skiego Parku Narodowego, w strefie oddzia\u0142ywania morza ba\u0142tyckiego oraz lasu wydmowego. Tak lokalizacja zapewnia w\u0142a\u015bciwo\u015bci inhalacyjne oraz leczniczy mikroklimat &#8211; szczeg\u00f3lnie wskazany w leczeniu chor\u00f3b dr\u00f3g oddechowych i alergiach.<\/p>\n\n\n\n<p>\u0141eba wci\u0105\u017c zaskakuje czym\u015b nowym. Jest to ciekawe miejsce r\u00f3wnie\u017c dla odkrywc\u00f3w \u2026<\/p>\n\n\n\n<p>Np: W okolicach \u0141eby odkryto wrak drewnianej jednostki.<br>Z informacji przekazanych przez Urz\u0105d Morski w S\u0142upsku wynika, \u017ce mo\u017ce to by\u0107 wykonany z sosny syberyjskiej wrak barki do przewozu drewna z okresu mi\u0119dzywojennego. wi\u0119cej informacji i foto na stronie <\/p>\n\n\n\n<p>Pozwolimy sobie tu przytoczy\u0107 jedn\u0105 z wielu wypowiedzi internautki zamieszczonych w sieci i \u0141ebie. W naszej ocenie jest to bardzo trafny komentarz:<br>\u0141eba jest \u015bwietna pod warunkiem: <br>Je\u017celi kto\u015b przyje\u017cd\u017ca na wczasy \u017ceby wypocz\u0105\u0107 od miasta, i ma zamiar poleniuchowa\u0107 w ciszy i spokoju to nie powinien szuka\u0107 o\u015brodka wypoczynkowego w samej \u0141ebie tylko w pobliskich miejscowo\u015bciach, mo\u017cna wtedy &#8222;dawkowa\u0107&#8221; sobie do\u015b\u0107 zat\u0142oczon\u0105 \u0141eb\u0119 , doje\u017cd\u017ca\u0107 tam, korzysta\u0107 z wszelkiego rodzaju oferowanych atrakcji, a zapragniecie odpoczynku wraca\u0107 do spokojnej niezat\u0142oczonej i wyciszonej miejscowo\u015bci. Natomiast je\u017celi na urlopie czy te\u017c wakacjach szukasz miejsca gdzie zabawa jest 24 godziny na dob\u0119, gdzie jest wra\u017cenie \u017ce miasto nigdy nie \u015bpi To w\u0142a\u015bnie \u0141eba &#8211; chcesz zabawy, masz na to odpowiednia ilo\u015b\u0107 kasy &#8211; jedz do \u0141eby\u2026<\/p>\n\n\n\n<p><a href=\"https:\/\/www.google.com\/travel\/hotels\/entity\/CgoI7-2Sld6hmdd8EAE\/reviews?g2lb=2502548%2C2503770%2C2503780%2C4258168%2C4270442%2C4306835%2C4317915%2C4328159%2C4371335%2C4401769%2C4419364%2C4463666%2C4464736%2C4466981%2C4482438%2C4486153%2C4491350%2C4504283%2C4511371%2C4270859%2C4284970%2C4291517&amp;hl=pl-PL&amp;gl=pl&amp;rp=OAJAAEgBwAEC&amp;ictx=1&amp;utm_campaign=sharing&amp;utm_medium=link&amp;utm_source=htls&amp;ved=0CAAQ5JsGahcKEwjIv7n72KbvAhUAAAAAHQAAAAAQBg&amp;ts=CAESABoGCgIaABIAKgQKABoA\" target=\"_blank\" rel=\"noreferrer noopener\">Opinie o nas na stronie google &#8211; &gt;<\/a><\/p>\n","protected":false},"excerpt":{"rendered":"<p>Atrakcje turystyczne w \u0141ebie i okolicyPoni\u017cej podajemy przybli\u017cone odleg\u0142o\u015bci do wybranych miejsc w okolicy: park dinozaur\u00f3w w \u0141ebie &#8211; ok. 3 kmPla\u017ca i morze &#8211; ok. 3 kmSowi\u0144ski Park Narodowy &#8211; ok. 3 kmruchome wydmy &#8211; ok. 4 km\u0141eba Park dinozaur\u00f3w &#8211; ok 2 km.Sea Park &#8211; ok. 4 kmstadnina koni w Now\u0119cinie &#8211; ok. &hellip; <\/p>\n<p class=\"link-more\"><a href=\"https:\/\/apartamentlazurowy.pl\/leba\/atrakcje_turystyczne_leba\/\" class=\"more-link\">Czytaj dalej<span class=\"screen-reader-text\"> \u201eAtrakcje Turystyczne \u0141eba\u201d<\/span><\/a><\/p>\n","protected":false},"author":1,"featured_media":75,"parent":0,"menu_order":0,"comment_status":"closed","ping_status":"closed","template":"","meta":{"footnotes":""},"class_list":["post-12","page","type-page","status-publish","has-post-thumbnail","hentry"],"yoast_head":"<!-- This site is optimized with the Yoast SEO plugin v24.7 - https:\/\/yoast.com\/wordpress\/plugins\/seo\/ -->\n<title>Atrakcje Turystyczne \u0141eba - Apartament z basenem nad morzem<\/title>\n<meta name=\"robots\" content=\"index, follow, max-snippet:-1, max-image-preview:large, max-video-preview:-1\" \/>\n<link rel=\"canonical\" href=\"https:\/\/apartamentlazurowy.pl\/leba\/atrakcje_turystyczne_leba\/\" \/>\n<meta property=\"og:locale\" content=\"pl_PL\" \/>\n<meta property=\"og:type\" content=\"article\" \/>\n<meta property=\"og:title\" content=\"Atrakcje Turystyczne \u0141eba - Apartament z basenem nad morzem\" \/>\n<meta property=\"og:description\" content=\"Atrakcje turystyczne w \u0141ebie i okolicyPoni\u017cej podajemy przybli\u017cone odleg\u0142o\u015bci do wybranych miejsc w okolicy: park dinozaur\u00f3w w \u0141ebie &#8211; ok. 3 kmPla\u017ca i morze &#8211; ok. 3 kmSowi\u0144ski Park Narodowy &#8211; ok. 3 kmruchome wydmy &#8211; ok. 4 km\u0141eba Park dinozaur\u00f3w &#8211; ok 2 km.Sea Park &#8211; ok. 4 kmstadnina koni w Now\u0119cinie &#8211; ok. &hellip; Czytaj dalej \u201eAtrakcje Turystyczne \u0141eba\u201d\" \/>\n<meta property=\"og:url\" content=\"https:\/\/apartamentlazurowy.pl\/leba\/atrakcje_turystyczne_leba\/\" \/>\n<meta property=\"og:site_name\" content=\"Apartament z basenem nad morzem\" \/>\n<meta property=\"article:modified_time\" content=\"2021-03-10T21:51:39+00:00\" \/>\n<meta property=\"og:image\" content=\"https:\/\/apartamentlazurowy.pl\/leba\/wp-content\/uploads\/2021\/03\/leba-atrakcje.jpg\" \/>\n\t<meta property=\"og:image:width\" content=\"2500\" \/>\n\t<meta property=\"og:image:height\" content=\"1674\" \/>\n\t<meta property=\"og:image:type\" content=\"image\/jpeg\" \/>\n<meta name=\"twitter:card\" content=\"summary_large_image\" \/>\n<meta name=\"twitter:label1\" content=\"Szacowany czas czytania\" \/>\n\t<meta name=\"twitter:data1\" content=\"2 minuty\" \/>\n<script type=\"application\/ld+json\" class=\"yoast-schema-graph\">{\"@context\":\"https:\/\/schema.org\",\"@graph\":[{\"@type\":\"WebPage\",\"@id\":\"https:\/\/apartamentlazurowy.pl\/leba\/atrakcje_turystyczne_leba\/\",\"url\":\"https:\/\/apartamentlazurowy.pl\/leba\/atrakcje_turystyczne_leba\/\",\"name\":\"Atrakcje Turystyczne \u0141eba - Apartament z basenem nad morzem\",\"isPartOf\":{\"@id\":\"https:\/\/apartamentlazurowy.pl\/leba\/#website\"},\"primaryImageOfPage\":{\"@id\":\"https:\/\/apartamentlazurowy.pl\/leba\/atrakcje_turystyczne_leba\/#primaryimage\"},\"image\":{\"@id\":\"https:\/\/apartamentlazurowy.pl\/leba\/atrakcje_turystyczne_leba\/#primaryimage\"},\"thumbnailUrl\":\"https:\/\/apartamentlazurowy.pl\/leba\/wp-content\/uploads\/2021\/03\/leba-atrakcje.jpg\",\"datePublished\":\"2021-03-09T08:16:16+00:00\",\"dateModified\":\"2021-03-10T21:51:39+00:00\",\"breadcrumb\":{\"@id\":\"https:\/\/apartamentlazurowy.pl\/leba\/atrakcje_turystyczne_leba\/#breadcrumb\"},\"inLanguage\":\"pl-PL\",\"potentialAction\":[{\"@type\":\"ReadAction\",\"target\":[\"https:\/\/apartamentlazurowy.pl\/leba\/atrakcje_turystyczne_leba\/\"]}]},{\"@type\":\"ImageObject\",\"inLanguage\":\"pl-PL\",\"@id\":\"https:\/\/apartamentlazurowy.pl\/leba\/atrakcje_turystyczne_leba\/#primaryimage\",\"url\":\"https:\/\/apartamentlazurowy.pl\/leba\/wp-content\/uploads\/2021\/03\/leba-atrakcje.jpg\",\"contentUrl\":\"https:\/\/apartamentlazurowy.pl\/leba\/wp-content\/uploads\/2021\/03\/leba-atrakcje.jpg\",\"width\":2500,\"height\":1674,\"caption\":\"\u0142eba atrakcje\"},{\"@type\":\"BreadcrumbList\",\"@id\":\"https:\/\/apartamentlazurowy.pl\/leba\/atrakcje_turystyczne_leba\/#breadcrumb\",\"itemListElement\":[{\"@type\":\"ListItem\",\"position\":1,\"name\":\"Strona g\u0142\u00f3wna\",\"item\":\"https:\/\/apartamentlazurowy.pl\/leba\/\"},{\"@type\":\"ListItem\",\"position\":2,\"name\":\"Atrakcje Turystyczne \u0141eba\"}]},{\"@type\":\"WebSite\",\"@id\":\"https:\/\/apartamentlazurowy.pl\/leba\/#website\",\"url\":\"https:\/\/apartamentlazurowy.pl\/leba\/\",\"name\":\"Apartament z basenem nad morzem\",\"description\":\"Noclegi, \u0141eba, Basen, Kort, Tel. 607 977 015\",\"publisher\":{\"@id\":\"https:\/\/apartamentlazurowy.pl\/leba\/#organization\"},\"potentialAction\":[{\"@type\":\"SearchAction\",\"target\":{\"@type\":\"EntryPoint\",\"urlTemplate\":\"https:\/\/apartamentlazurowy.pl\/leba\/?s={search_term_string}\"},\"query-input\":{\"@type\":\"PropertyValueSpecification\",\"valueRequired\":true,\"valueName\":\"search_term_string\"}}],\"inLanguage\":\"pl-PL\"},{\"@type\":\"Organization\",\"@id\":\"https:\/\/apartamentlazurowy.pl\/leba\/#organization\",\"name\":\"Apartament z basenem nad morzem\",\"url\":\"https:\/\/apartamentlazurowy.pl\/leba\/\",\"logo\":{\"@type\":\"ImageObject\",\"inLanguage\":\"pl-PL\",\"@id\":\"https:\/\/apartamentlazurowy.pl\/leba\/#\/schema\/logo\/image\/\",\"url\":\"https:\/\/apartamentlazurowy.pl\/leba\/wp-content\/uploads\/2021\/03\/cropped-apartament_lazurowy.png\",\"contentUrl\":\"https:\/\/apartamentlazurowy.pl\/leba\/wp-content\/uploads\/2021\/03\/cropped-apartament_lazurowy.png\",\"width\":1950,\"height\":250,\"caption\":\"Apartament z basenem nad morzem\"},\"image\":{\"@id\":\"https:\/\/apartamentlazurowy.pl\/leba\/#\/schema\/logo\/image\/\"}}]}<\/script>\n<!-- \/ Yoast SEO plugin. -->","yoast_head_json":{"title":"Atrakcje Turystyczne \u0141eba - Apartament z basenem nad morzem","robots":{"index":"index","follow":"follow","max-snippet":"max-snippet:-1","max-image-preview":"max-image-preview:large","max-video-preview":"max-video-preview:-1"},"canonical":"https:\/\/apartamentlazurowy.pl\/leba\/atrakcje_turystyczne_leba\/","og_locale":"pl_PL","og_type":"article","og_title":"Atrakcje Turystyczne \u0141eba - Apartament z basenem nad morzem","og_description":"Atrakcje turystyczne w \u0141ebie i okolicyPoni\u017cej podajemy przybli\u017cone odleg\u0142o\u015bci do wybranych miejsc w okolicy: park dinozaur\u00f3w w \u0141ebie &#8211; ok. 3 kmPla\u017ca i morze &#8211; ok. 3 kmSowi\u0144ski Park Narodowy &#8211; ok. 3 kmruchome wydmy &#8211; ok. 4 km\u0141eba Park dinozaur\u00f3w &#8211; ok 2 km.Sea Park &#8211; ok. 4 kmstadnina koni w Now\u0119cinie &#8211; ok. &hellip; Czytaj dalej \u201eAtrakcje Turystyczne \u0141eba\u201d","og_url":"https:\/\/apartamentlazurowy.pl\/leba\/atrakcje_turystyczne_leba\/","og_site_name":"Apartament z basenem nad morzem","article_modified_time":"2021-03-10T21:51:39+00:00","og_image":[{"width":2500,"height":1674,"url":"https:\/\/apartamentlazurowy.pl\/leba\/wp-content\/uploads\/2021\/03\/leba-atrakcje.jpg","type":"image\/jpeg"}],"twitter_card":"summary_large_image","twitter_misc":{"Szacowany czas czytania":"2 minuty"},"schema":{"@context":"https:\/\/schema.org","@graph":[{"@type":"WebPage","@id":"https:\/\/apartamentlazurowy.pl\/leba\/atrakcje_turystyczne_leba\/","url":"https:\/\/apartamentlazurowy.pl\/leba\/atrakcje_turystyczne_leba\/","name":"Atrakcje Turystyczne \u0141eba - Apartament z basenem nad morzem","isPartOf":{"@id":"https:\/\/apartamentlazurowy.pl\/leba\/#website"},"primaryImageOfPage":{"@id":"https:\/\/apartamentlazurowy.pl\/leba\/atrakcje_turystyczne_leba\/#primaryimage"},"image":{"@id":"https:\/\/apartamentlazurowy.pl\/leba\/atrakcje_turystyczne_leba\/#primaryimage"},"thumbnailUrl":"https:\/\/apartamentlazurowy.pl\/leba\/wp-content\/uploads\/2021\/03\/leba-atrakcje.jpg","datePublished":"2021-03-09T08:16:16+00:00","dateModified":"2021-03-10T21:51:39+00:00","breadcrumb":{"@id":"https:\/\/apartamentlazurowy.pl\/leba\/atrakcje_turystyczne_leba\/#breadcrumb"},"inLanguage":"pl-PL","potentialAction":[{"@type":"ReadAction","target":["https:\/\/apartamentlazurowy.pl\/leba\/atrakcje_turystyczne_leba\/"]}]},{"@type":"ImageObject","inLanguage":"pl-PL","@id":"https:\/\/apartamentlazurowy.pl\/leba\/atrakcje_turystyczne_leba\/#primaryimage","url":"https:\/\/apartamentlazurowy.pl\/leba\/wp-content\/uploads\/2021\/03\/leba-atrakcje.jpg","contentUrl":"https:\/\/apartamentlazurowy.pl\/leba\/wp-content\/uploads\/2021\/03\/leba-atrakcje.jpg","width":2500,"height":1674,"caption":"\u0142eba atrakcje"},{"@type":"BreadcrumbList","@id":"https:\/\/apartamentlazurowy.pl\/leba\/atrakcje_turystyczne_leba\/#breadcrumb","itemListElement":[{"@type":"ListItem","position":1,"name":"Strona g\u0142\u00f3wna","item":"https:\/\/apartamentlazurowy.pl\/leba\/"},{"@type":"ListItem","position":2,"name":"Atrakcje Turystyczne \u0141eba"}]},{"@type":"WebSite","@id":"https:\/\/apartamentlazurowy.pl\/leba\/#website","url":"https:\/\/apartamentlazurowy.pl\/leba\/","name":"Apartament z basenem nad morzem","description":"Noclegi, \u0141eba, Basen, Kort, Tel. 607 977 015","publisher":{"@id":"https:\/\/apartamentlazurowy.pl\/leba\/#organization"},"potentialAction":[{"@type":"SearchAction","target":{"@type":"EntryPoint","urlTemplate":"https:\/\/apartamentlazurowy.pl\/leba\/?s={search_term_string}"},"query-input":{"@type":"PropertyValueSpecification","valueRequired":true,"valueName":"search_term_string"}}],"inLanguage":"pl-PL"},{"@type":"Organization","@id":"https:\/\/apartamentlazurowy.pl\/leba\/#organization","name":"Apartament z basenem nad morzem","url":"https:\/\/apartamentlazurowy.pl\/leba\/","logo":{"@type":"ImageObject","inLanguage":"pl-PL","@id":"https:\/\/apartamentlazurowy.pl\/leba\/#\/schema\/logo\/image\/","url":"https:\/\/apartamentlazurowy.pl\/leba\/wp-content\/uploads\/2021\/03\/cropped-apartament_lazurowy.png","contentUrl":"https:\/\/apartamentlazurowy.pl\/leba\/wp-content\/uploads\/2021\/03\/cropped-apartament_lazurowy.png","width":1950,"height":250,"caption":"Apartament z basenem nad morzem"},"image":{"@id":"https:\/\/apartamentlazurowy.pl\/leba\/#\/schema\/logo\/image\/"}}]}},"_links":{"self":[{"href":"https:\/\/apartamentlazurowy.pl\/leba\/wp-json\/wp\/v2\/pages\/12","targetHints":{"allow":["GET"]}}],"collection":[{"href":"https:\/\/apartamentlazurowy.pl\/leba\/wp-json\/wp\/v2\/pages"}],"about":[{"href":"https:\/\/apartamentlazurowy.pl\/leba\/wp-json\/wp\/v2\/types\/page"}],"author":[{"embeddable":true,"href":"https:\/\/apartamentlazurowy.pl\/leba\/wp-json\/wp\/v2\/users\/1"}],"replies":[{"embeddable":true,"href":"https:\/\/apartamentlazurowy.pl\/leba\/wp-json\/wp\/v2\/comments?post=12"}],"version-history":[{"count":6,"href":"https:\/\/apartamentlazurowy.pl\/leba\/wp-json\/wp\/v2\/pages\/12\/revisions"}],"predecessor-version":[{"id":89,"href":"https:\/\/apartamentlazurowy.pl\/leba\/wp-json\/wp\/v2\/pages\/12\/revisions\/89"}],"wp:featuredmedia":[{"embeddable":true,"href":"https:\/\/apartamentlazurowy.pl\/leba\/wp-json\/wp\/v2\/media\/75"}],"wp:attachment":[{"href":"https:\/\/apartamentlazurowy.pl\/leba\/wp-json\/wp\/v2\/media?parent=12"}],"curies":[{"name":"wp","href":"https:\/\/api.w.org\/{rel}","templated":true}]}}