{"id":63,"date":"2021-03-10T12:25:47","date_gmt":"2021-03-10T12:25:47","guid":{"rendered":"http:\/\/apartamentlazurowy.pl\/leba\/noclegi\/?page_id=63"},"modified":"2021-03-14T22:44:56","modified_gmt":"2021-03-14T22:44:56","slug":"wyposazone_apartamenty","status":"publish","type":"page","link":"https:\/\/apartamentlazurowy.pl\/leba\/wyposazone_apartamenty\/","title":{"rendered":"Wyposa\u017cenie"},"content":{"rendered":"\n<p>Apartament Lazurowy jest w pe\u0142ni wyposa\u017cony i przygotowany dla przyj\u0119cia naszych go\u015bci. Aneks kuchenny wyposa\u017cony jest we wszystkie niezb\u0119dne sprz\u0119ty takiej jak lod\u00f3wka, p\u0142yta indukcyjna, garnki, naczynia czy szklanki, kt\u00f3re umo\u017cliwiaj\u0105 naszym go\u015bciom przygotowanie sobie posi\u0142k\u00f3w.<\/p>\n\n\n\n<p>W apartamencie znajduje si\u0119 do 8 miejsc sypialnych dla 4 os\u00f3b doros\u0142ych i 4 dzieci:<\/p>\n\n\n\n<ul class=\"wp-block-list\"><li>rozk\u0142adana kanapa 2 osobowa w salonie<\/li><li>pi\u0119trowe \u0142\u00f3\u017cko dla 2 dzieci w drugim pokoju<\/li><li>sypialnia g\u00f3rna &#8211; du\u017ce \u0142\u00f3zko &#8222;ma\u0142\u017ce\u0144skie&#8221; dla 2 os\u00f3b<\/li><li>na pi\u0119trze 2 pojedyncze rozk\u0142adane spania dla dzieci.<\/li><li>telewizor LCD (na niekt\u00f3rych zdj\u0119ciach jest jeszcze stary telewizor)<\/li><li>telewizja satelitarna<\/li><li>osiedlowy bezprzewodowy radiowy dost\u0119p do Internetu wifi<\/li><li>radio, CD<\/li><li>pralka automatyczna<\/li><li>kuchenka mikrofalowa<\/li><li>deska do prasowania, \u017celazko<\/li><li>2 le\u017caki<\/li><li>2 rakiety tenisowe<\/li><\/ul>\n","protected":false},"excerpt":{"rendered":"<p>Apartament Lazurowy jest w pe\u0142ni wyposa\u017cony i przygotowany dla przyj\u0119cia naszych go\u015bci. Aneks kuchenny wyposa\u017cony jest we wszystkie niezb\u0119dne sprz\u0119ty takiej jak lod\u00f3wka, p\u0142yta indukcyjna, garnki, naczynia czy szklanki, kt\u00f3re umo\u017cliwiaj\u0105 naszym go\u015bciom przygotowanie sobie posi\u0142k\u00f3w. W apartamencie znajduje si\u0119 do 8 miejsc sypialnych dla 4 os\u00f3b doros\u0142ych i 4 dzieci: rozk\u0142adana kanapa 2 osobowa &hellip; <\/p>\n<p class=\"link-more\"><a href=\"https:\/\/apartamentlazurowy.pl\/leba\/wyposazone_apartamenty\/\" class=\"more-link\">Czytaj dalej<span class=\"screen-reader-text\"> \u201eWyposa\u017cenie\u201d<\/span><\/a><\/p>\n","protected":false},"author":1,"featured_media":65,"parent":0,"menu_order":0,"comment_status":"closed","ping_status":"closed","template":"","meta":{"footnotes":""},"class_list":["post-63","page","type-page","status-publish","has-post-thumbnail","hentry"],"yoast_head":"<!-- This site is optimized with the Yoast SEO plugin v24.7 - https:\/\/yoast.com\/wordpress\/plugins\/seo\/ -->\n<title>Apartament z basenem nad morzem Wyposa\u017cenie Apartamentu w \u0141ebie<\/title>\n<meta name=\"description\" content=\"Apartament na zamkni\u0119tym osiedlu pod \u0141eb\u0105. Wyposa\u017cenie apartamentu, pralka, lod\u00f3wka, kuchenka mikrofalowa, aneks kuchenny TV satelitarna WiFi\" \/>\n<meta name=\"robots\" content=\"index, follow, max-snippet:-1, max-image-preview:large, max-video-preview:-1\" \/>\n<link rel=\"canonical\" href=\"https:\/\/apartamentlazurowy.pl\/leba\/wyposazone_apartamenty\/\" \/>\n<meta property=\"og:locale\" content=\"pl_PL\" \/>\n<meta property=\"og:type\" content=\"article\" \/>\n<meta property=\"og:title\" content=\"Apartament z basenem nad morzem Wyposa\u017cenie Apartamentu w \u0141ebie\" \/>\n<meta property=\"og:description\" content=\"Apartament na zamkni\u0119tym osiedlu pod \u0141eb\u0105. Wyposa\u017cenie apartamentu, pralka, lod\u00f3wka, kuchenka mikrofalowa, aneks kuchenny TV satelitarna WiFi\" \/>\n<meta property=\"og:url\" content=\"https:\/\/apartamentlazurowy.pl\/leba\/wyposazone_apartamenty\/\" \/>\n<meta property=\"og:site_name\" content=\"Apartament z basenem nad morzem\" \/>\n<meta property=\"article:modified_time\" content=\"2021-03-14T22:44:56+00:00\" \/>\n<meta property=\"og:image\" content=\"https:\/\/apartamentlazurowy.pl\/leba\/wp-content\/uploads\/2021\/03\/apartament-stol.jpg\" \/>\n\t<meta property=\"og:image:width\" content=\"2500\" \/>\n\t<meta property=\"og:image:height\" content=\"1674\" \/>\n\t<meta property=\"og:image:type\" content=\"image\/jpeg\" \/>\n<meta name=\"twitter:card\" content=\"summary_large_image\" \/>\n<meta name=\"twitter:label1\" content=\"Szacowany czas czytania\" \/>\n\t<meta name=\"twitter:data1\" content=\"1 minuta\" \/>\n<script type=\"application\/ld+json\" class=\"yoast-schema-graph\">{\"@context\":\"https:\/\/schema.org\",\"@graph\":[{\"@type\":\"WebPage\",\"@id\":\"https:\/\/apartamentlazurowy.pl\/leba\/wyposazone_apartamenty\/\",\"url\":\"https:\/\/apartamentlazurowy.pl\/leba\/wyposazone_apartamenty\/\",\"name\":\"Apartament z basenem nad morzem Wyposa\u017cenie Apartamentu w \u0141ebie\",\"isPartOf\":{\"@id\":\"https:\/\/apartamentlazurowy.pl\/leba\/#website\"},\"primaryImageOfPage\":{\"@id\":\"https:\/\/apartamentlazurowy.pl\/leba\/wyposazone_apartamenty\/#primaryimage\"},\"image\":{\"@id\":\"https:\/\/apartamentlazurowy.pl\/leba\/wyposazone_apartamenty\/#primaryimage\"},\"thumbnailUrl\":\"https:\/\/apartamentlazurowy.pl\/leba\/wp-content\/uploads\/2021\/03\/apartament-stol.jpg\",\"datePublished\":\"2021-03-10T12:25:47+00:00\",\"dateModified\":\"2021-03-14T22:44:56+00:00\",\"description\":\"Apartament na zamkni\u0119tym osiedlu pod \u0141eb\u0105. Wyposa\u017cenie apartamentu, pralka, lod\u00f3wka, kuchenka mikrofalowa, aneks kuchenny TV satelitarna WiFi\",\"breadcrumb\":{\"@id\":\"https:\/\/apartamentlazurowy.pl\/leba\/wyposazone_apartamenty\/#breadcrumb\"},\"inLanguage\":\"pl-PL\",\"potentialAction\":[{\"@type\":\"ReadAction\",\"target\":[\"https:\/\/apartamentlazurowy.pl\/leba\/wyposazone_apartamenty\/\"]}]},{\"@type\":\"ImageObject\",\"inLanguage\":\"pl-PL\",\"@id\":\"https:\/\/apartamentlazurowy.pl\/leba\/wyposazone_apartamenty\/#primaryimage\",\"url\":\"https:\/\/apartamentlazurowy.pl\/leba\/wp-content\/uploads\/2021\/03\/apartament-stol.jpg\",\"contentUrl\":\"https:\/\/apartamentlazurowy.pl\/leba\/wp-content\/uploads\/2021\/03\/apartament-stol.jpg\",\"width\":2500,\"height\":1674,\"caption\":\"apartament wyposa\u017cenie\"},{\"@type\":\"BreadcrumbList\",\"@id\":\"https:\/\/apartamentlazurowy.pl\/leba\/wyposazone_apartamenty\/#breadcrumb\",\"itemListElement\":[{\"@type\":\"ListItem\",\"position\":1,\"name\":\"Strona g\u0142\u00f3wna\",\"item\":\"http:\/\/apartamentlazurowy.pl\/leba\/\"},{\"@type\":\"ListItem\",\"position\":2,\"name\":\"Wyposa\u017cenie\"}]},{\"@type\":\"WebSite\",\"@id\":\"https:\/\/apartamentlazurowy.pl\/leba\/#website\",\"url\":\"https:\/\/apartamentlazurowy.pl\/leba\/\",\"name\":\"Apartament z basenem nad morzem\",\"description\":\"Noclegi, \u0141eba, Basen, Kort, Tel. 607 977 015\",\"publisher\":{\"@id\":\"https:\/\/apartamentlazurowy.pl\/leba\/#organization\"},\"potentialAction\":[{\"@type\":\"SearchAction\",\"target\":{\"@type\":\"EntryPoint\",\"urlTemplate\":\"https:\/\/apartamentlazurowy.pl\/leba\/?s={search_term_string}\"},\"query-input\":{\"@type\":\"PropertyValueSpecification\",\"valueRequired\":true,\"valueName\":\"search_term_string\"}}],\"inLanguage\":\"pl-PL\"},{\"@type\":\"Organization\",\"@id\":\"https:\/\/apartamentlazurowy.pl\/leba\/#organization\",\"name\":\"Apartament z basenem nad morzem\",\"url\":\"https:\/\/apartamentlazurowy.pl\/leba\/\",\"logo\":{\"@type\":\"ImageObject\",\"inLanguage\":\"pl-PL\",\"@id\":\"https:\/\/apartamentlazurowy.pl\/leba\/#\/schema\/logo\/image\/\",\"url\":\"https:\/\/apartamentlazurowy.pl\/leba\/wp-content\/uploads\/2021\/03\/cropped-apartament_lazurowy.png\",\"contentUrl\":\"https:\/\/apartamentlazurowy.pl\/leba\/wp-content\/uploads\/2021\/03\/cropped-apartament_lazurowy.png\",\"width\":1950,\"height\":250,\"caption\":\"Apartament z basenem nad morzem\"},\"image\":{\"@id\":\"https:\/\/apartamentlazurowy.pl\/leba\/#\/schema\/logo\/image\/\"}}]}<\/script>\n<!-- \/ Yoast SEO plugin. -->","yoast_head_json":{"title":"Apartament z basenem nad morzem Wyposa\u017cenie Apartamentu w \u0141ebie","description":"Apartament na zamkni\u0119tym osiedlu pod \u0141eb\u0105. Wyposa\u017cenie apartamentu, pralka, lod\u00f3wka, kuchenka mikrofalowa, aneks kuchenny TV satelitarna WiFi","robots":{"index":"index","follow":"follow","max-snippet":"max-snippet:-1","max-image-preview":"max-image-preview:large","max-video-preview":"max-video-preview:-1"},"canonical":"https:\/\/apartamentlazurowy.pl\/leba\/wyposazone_apartamenty\/","og_locale":"pl_PL","og_type":"article","og_title":"Apartament z basenem nad morzem Wyposa\u017cenie Apartamentu w \u0141ebie","og_description":"Apartament na zamkni\u0119tym osiedlu pod \u0141eb\u0105. Wyposa\u017cenie apartamentu, pralka, lod\u00f3wka, kuchenka mikrofalowa, aneks kuchenny TV satelitarna WiFi","og_url":"https:\/\/apartamentlazurowy.pl\/leba\/wyposazone_apartamenty\/","og_site_name":"Apartament z basenem nad morzem","article_modified_time":"2021-03-14T22:44:56+00:00","og_image":[{"width":2500,"height":1674,"url":"https:\/\/apartamentlazurowy.pl\/leba\/wp-content\/uploads\/2021\/03\/apartament-stol.jpg","type":"image\/jpeg"}],"twitter_card":"summary_large_image","twitter_misc":{"Szacowany czas czytania":"1 minuta"},"schema":{"@context":"https:\/\/schema.org","@graph":[{"@type":"WebPage","@id":"https:\/\/apartamentlazurowy.pl\/leba\/wyposazone_apartamenty\/","url":"https:\/\/apartamentlazurowy.pl\/leba\/wyposazone_apartamenty\/","name":"Apartament z basenem nad morzem Wyposa\u017cenie Apartamentu w \u0141ebie","isPartOf":{"@id":"https:\/\/apartamentlazurowy.pl\/leba\/#website"},"primaryImageOfPage":{"@id":"https:\/\/apartamentlazurowy.pl\/leba\/wyposazone_apartamenty\/#primaryimage"},"image":{"@id":"https:\/\/apartamentlazurowy.pl\/leba\/wyposazone_apartamenty\/#primaryimage"},"thumbnailUrl":"https:\/\/apartamentlazurowy.pl\/leba\/wp-content\/uploads\/2021\/03\/apartament-stol.jpg","datePublished":"2021-03-10T12:25:47+00:00","dateModified":"2021-03-14T22:44:56+00:00","description":"Apartament na zamkni\u0119tym osiedlu pod \u0141eb\u0105. Wyposa\u017cenie apartamentu, pralka, lod\u00f3wka, kuchenka mikrofalowa, aneks kuchenny TV satelitarna WiFi","breadcrumb":{"@id":"https:\/\/apartamentlazurowy.pl\/leba\/wyposazone_apartamenty\/#breadcrumb"},"inLanguage":"pl-PL","potentialAction":[{"@type":"ReadAction","target":["https:\/\/apartamentlazurowy.pl\/leba\/wyposazone_apartamenty\/"]}]},{"@type":"ImageObject","inLanguage":"pl-PL","@id":"https:\/\/apartamentlazurowy.pl\/leba\/wyposazone_apartamenty\/#primaryimage","url":"https:\/\/apartamentlazurowy.pl\/leba\/wp-content\/uploads\/2021\/03\/apartament-stol.jpg","contentUrl":"https:\/\/apartamentlazurowy.pl\/leba\/wp-content\/uploads\/2021\/03\/apartament-stol.jpg","width":2500,"height":1674,"caption":"apartament wyposa\u017cenie"},{"@type":"BreadcrumbList","@id":"https:\/\/apartamentlazurowy.pl\/leba\/wyposazone_apartamenty\/#breadcrumb","itemListElement":[{"@type":"ListItem","position":1,"name":"Strona g\u0142\u00f3wna","item":"http:\/\/apartamentlazurowy.pl\/leba\/"},{"@type":"ListItem","position":2,"name":"Wyposa\u017cenie"}]},{"@type":"WebSite","@id":"https:\/\/apartamentlazurowy.pl\/leba\/#website","url":"https:\/\/apartamentlazurowy.pl\/leba\/","name":"Apartament z basenem nad morzem","description":"Noclegi, \u0141eba, Basen, Kort, Tel. 607 977 015","publisher":{"@id":"https:\/\/apartamentlazurowy.pl\/leba\/#organization"},"potentialAction":[{"@type":"SearchAction","target":{"@type":"EntryPoint","urlTemplate":"https:\/\/apartamentlazurowy.pl\/leba\/?s={search_term_string}"},"query-input":{"@type":"PropertyValueSpecification","valueRequired":true,"valueName":"search_term_string"}}],"inLanguage":"pl-PL"},{"@type":"Organization","@id":"https:\/\/apartamentlazurowy.pl\/leba\/#organization","name":"Apartament z basenem nad morzem","url":"https:\/\/apartamentlazurowy.pl\/leba\/","logo":{"@type":"ImageObject","inLanguage":"pl-PL","@id":"https:\/\/apartamentlazurowy.pl\/leba\/#\/schema\/logo\/image\/","url":"https:\/\/apartamentlazurowy.pl\/leba\/wp-content\/uploads\/2021\/03\/cropped-apartament_lazurowy.png","contentUrl":"https:\/\/apartamentlazurowy.pl\/leba\/wp-content\/uploads\/2021\/03\/cropped-apartament_lazurowy.png","width":1950,"height":250,"caption":"Apartament z basenem nad morzem"},"image":{"@id":"https:\/\/apartamentlazurowy.pl\/leba\/#\/schema\/logo\/image\/"}}]}},"_links":{"self":[{"href":"https:\/\/apartamentlazurowy.pl\/leba\/wp-json\/wp\/v2\/pages\/63","targetHints":{"allow":["GET"]}}],"collection":[{"href":"https:\/\/apartamentlazurowy.pl\/leba\/wp-json\/wp\/v2\/pages"}],"about":[{"href":"https:\/\/apartamentlazurowy.pl\/leba\/wp-json\/wp\/v2\/types\/page"}],"author":[{"embeddable":true,"href":"https:\/\/apartamentlazurowy.pl\/leba\/wp-json\/wp\/v2\/users\/1"}],"replies":[{"embeddable":true,"href":"https:\/\/apartamentlazurowy.pl\/leba\/wp-json\/wp\/v2\/comments?post=63"}],"version-history":[{"count":2,"href":"https:\/\/apartamentlazurowy.pl\/leba\/wp-json\/wp\/v2\/pages\/63\/revisions"}],"predecessor-version":[{"id":66,"href":"https:\/\/apartamentlazurowy.pl\/leba\/wp-json\/wp\/v2\/pages\/63\/revisions\/66"}],"wp:featuredmedia":[{"embeddable":true,"href":"https:\/\/apartamentlazurowy.pl\/leba\/wp-json\/wp\/v2\/media\/65"}],"wp:attachment":[{"href":"https:\/\/apartamentlazurowy.pl\/leba\/wp-json\/wp\/v2\/media?parent=63"}],"curies":[{"name":"wp","href":"https:\/\/api.w.org\/{rel}","templated":true}]}}