{"id":8,"date":"2021-03-09T08:16:16","date_gmt":"2021-03-09T08:16:16","guid":{"rendered":"http:\/\/apartamentlazurowy.pl\/leba\/noclegi\/?page_id=8"},"modified":"2021-03-15T08:28:14","modified_gmt":"2021-03-15T08:28:14","slug":"apartament-z-basenem","status":"publish","type":"page","link":"https:\/\/apartamentlazurowy.pl\/leba\/","title":{"rendered":"Apartament Lazurowy z basenem nad morzem w \u0141ebie"},"content":{"rendered":"\n<h1 class=\"wp-block-heading\">Apartament Lazurowy z basenem nad morzem w \u0141ebie<\/h1>\n\n\n\n<p>Nasza propozycja dla Pa\u0144stwa to:<\/p>\n\n\n\n<p>Komfortowy <strong>Apartament <\/strong>na zamkni\u0119tym osiedlu<br><strong>Basen<\/strong> odkryty<br><strong>Kort<\/strong> tenisowy ze sztuczn\u0105 nawierzchni\u0105<br><strong>Boisko<\/strong> do pla\u017cowej pi\u0142ki siatkowej<br><strong>Plac zabaw<\/strong> dla dzieci<br>Zamkni\u0119te i <strong>bezpieczne osiedle<\/strong><br>Letnia stolica Polski \u0141eba <strong>port rybacki<\/strong> nad Ba\u0142tykiem<br>Najwi\u0119kszy <strong>Park Dinozaur\u00f3w<\/strong><br><strong>Sea Park<\/strong><br>Pi\u0119kne <strong>piaszczyste pla\u017ce<\/strong> nad Ba\u0142tykiem<br><strong>Ruchome wydmy<\/strong><br><strong>Jeziora<\/strong> \u0141ebsko i Sarbsko<br><strong>Lasy<\/strong> iglaste i li\u015bciaste<br>Rozwini\u0119ta <strong>siec gastronomiczna i rozrywkowa<\/strong><br><strong>Latarnie morskie<\/strong><br>Stadniny koni, po\u0142owy <strong>ryb z kutra<\/strong>, rejsy statkiem, trasy rowerowe i spacerowe &#8230;.<br>ZAPRASZAMY !<\/p>\n\n\n\n<figure class=\"wp-block-video\"><video height=\"720\" style=\"aspect-ratio: 1280 \/ 720;\" width=\"1280\" controls loop src=\"https:\/\/apartamentlazurowy.pl\/leba\/noclegi\/wp-content\/uploads\/2021\/03\/lazurowy_01.mp4\"><\/video><\/figure>\n","protected":false},"excerpt":{"rendered":"<p>Apartament Lazurowy z basenem nad morzem w \u0141ebie Nasza propozycja dla Pa\u0144stwa to: Komfortowy Apartament na zamkni\u0119tym osiedluBasen odkrytyKort tenisowy ze sztuczn\u0105 nawierzchni\u0105Boisko do pla\u017cowej pi\u0142ki siatkowejPlac zabaw dla dzieciZamkni\u0119te i bezpieczne osiedleLetnia stolica Polski \u0141eba port rybacki nad Ba\u0142tykiemNajwi\u0119kszy Park Dinozaur\u00f3wSea ParkPi\u0119kne piaszczyste pla\u017ce nad Ba\u0142tykiemRuchome wydmyJeziora \u0141ebsko i SarbskoLasy iglaste i li\u015bciasteRozwini\u0119ta siec &hellip; <\/p>\n<p class=\"link-more\"><a href=\"https:\/\/apartamentlazurowy.pl\/leba\/\" class=\"more-link\">Czytaj dalej<span class=\"screen-reader-text\"> \u201eApartament Lazurowy z basenem nad morzem w \u0141ebie\u201d<\/span><\/a><\/p>\n","protected":false},"author":1,"featured_media":49,"parent":0,"menu_order":0,"comment_status":"closed","ping_status":"closed","template":"","meta":{"footnotes":""},"class_list":["post-8","page","type-page","status-publish","has-post-thumbnail","hentry"],"yoast_head":"<!-- This site is optimized with the Yoast SEO plugin v24.7 - https:\/\/yoast.com\/wordpress\/plugins\/seo\/ -->\n<title>Apartament Lazurowy z basenem nad morzem w \u0141ebie Noclegi nad morzem<\/title>\n<meta name=\"description\" content=\"Apartamenty \u0141eba z basem nad morzem. Noclegi nad morzem. Apartament Lazurowy mieszkanie na wynajem nad morzem z basenem. Kort tenisowy boisko\" \/>\n<meta name=\"robots\" content=\"index, follow, max-snippet:-1, max-image-preview:large, max-video-preview:-1\" \/>\n<link rel=\"canonical\" href=\"http:\/\/apartamentlazurowy.pl\/leba\/\" \/>\n<meta property=\"og:locale\" content=\"pl_PL\" \/>\n<meta property=\"og:type\" content=\"article\" \/>\n<meta property=\"og:title\" content=\"Apartament Lazurowy z basenem nad morzem w \u0141ebie Noclegi nad morzem\" \/>\n<meta property=\"og:description\" content=\"Apartamenty \u0141eba z basem nad morzem. Noclegi nad morzem. Apartament Lazurowy mieszkanie na wynajem nad morzem z basenem. Kort tenisowy boisko\" \/>\n<meta property=\"og:url\" content=\"http:\/\/apartamentlazurowy.pl\/leba\/\" \/>\n<meta property=\"og:site_name\" content=\"Apartament z basenem nad morzem\" \/>\n<meta property=\"article:modified_time\" content=\"2021-03-15T08:28:14+00:00\" \/>\n<meta property=\"og:image\" content=\"http:\/\/apartamentlazurowy.pl\/leba\/wp-content\/uploads\/2021\/03\/osiedle_022-scaled.jpg\" \/>\n\t<meta property=\"og:image:width\" content=\"2560\" \/>\n\t<meta property=\"og:image:height\" content=\"1714\" \/>\n\t<meta property=\"og:image:type\" content=\"image\/jpeg\" \/>\n<meta name=\"twitter:card\" content=\"summary_large_image\" \/>\n<meta name=\"twitter:label1\" content=\"Szacowany czas czytania\" \/>\n\t<meta name=\"twitter:data1\" content=\"1 minuta\" \/>\n<script type=\"application\/ld+json\" class=\"yoast-schema-graph\">{\"@context\":\"https:\/\/schema.org\",\"@graph\":[{\"@type\":\"WebPage\",\"@id\":\"http:\/\/apartamentlazurowy.pl\/leba\/\",\"url\":\"http:\/\/apartamentlazurowy.pl\/leba\/\",\"name\":\"Apartament Lazurowy z basenem nad morzem w \u0141ebie Noclegi nad morzem\",\"isPartOf\":{\"@id\":\"http:\/\/apartamentlazurowy.pl\/leba\/#website\"},\"primaryImageOfPage\":{\"@id\":\"http:\/\/apartamentlazurowy.pl\/leba\/#primaryimage\"},\"image\":{\"@id\":\"http:\/\/apartamentlazurowy.pl\/leba\/#primaryimage\"},\"thumbnailUrl\":\"https:\/\/apartamentlazurowy.pl\/leba\/wp-content\/uploads\/2021\/03\/osiedle_022-scaled.jpg\",\"datePublished\":\"2021-03-09T08:16:16+00:00\",\"dateModified\":\"2021-03-15T08:28:14+00:00\",\"description\":\"Apartamenty \u0141eba z basem nad morzem. Noclegi nad morzem. Apartament Lazurowy mieszkanie na wynajem nad morzem z basenem. Kort tenisowy boisko\",\"breadcrumb\":{\"@id\":\"http:\/\/apartamentlazurowy.pl\/leba\/#breadcrumb\"},\"inLanguage\":\"pl-PL\",\"potentialAction\":[{\"@type\":\"ReadAction\",\"target\":[\"http:\/\/apartamentlazurowy.pl\/leba\/\"]}]},{\"@type\":\"ImageObject\",\"inLanguage\":\"pl-PL\",\"@id\":\"http:\/\/apartamentlazurowy.pl\/leba\/#primaryimage\",\"url\":\"https:\/\/apartamentlazurowy.pl\/leba\/wp-content\/uploads\/2021\/03\/osiedle_022-scaled.jpg\",\"contentUrl\":\"https:\/\/apartamentlazurowy.pl\/leba\/wp-content\/uploads\/2021\/03\/osiedle_022-scaled.jpg\",\"width\":2560,\"height\":1714,\"caption\":\"apartament z basenem\"},{\"@type\":\"BreadcrumbList\",\"@id\":\"http:\/\/apartamentlazurowy.pl\/leba\/#breadcrumb\",\"itemListElement\":[{\"@type\":\"ListItem\",\"position\":1,\"name\":\"Strona g\u0142\u00f3wna\",\"item\":\"http:\/\/apartamentlazurowy.pl\/leba\/\"},{\"@type\":\"ListItem\",\"position\":2,\"name\":\"Apartament Lazurowy z basenem nad morzem w \u0141ebie\"}]},{\"@type\":\"WebSite\",\"@id\":\"http:\/\/apartamentlazurowy.pl\/leba\/#website\",\"url\":\"http:\/\/apartamentlazurowy.pl\/leba\/\",\"name\":\"Apartament z basenem nad morzem\",\"description\":\"Noclegi, \u0141eba, Basen, Kort, Tel. 607 977 015\",\"publisher\":{\"@id\":\"http:\/\/apartamentlazurowy.pl\/leba\/#organization\"},\"potentialAction\":[{\"@type\":\"SearchAction\",\"target\":{\"@type\":\"EntryPoint\",\"urlTemplate\":\"http:\/\/apartamentlazurowy.pl\/leba\/?s={search_term_string}\"},\"query-input\":{\"@type\":\"PropertyValueSpecification\",\"valueRequired\":true,\"valueName\":\"search_term_string\"}}],\"inLanguage\":\"pl-PL\"},{\"@type\":\"Organization\",\"@id\":\"http:\/\/apartamentlazurowy.pl\/leba\/#organization\",\"name\":\"Apartament z basenem nad morzem\",\"url\":\"http:\/\/apartamentlazurowy.pl\/leba\/\",\"logo\":{\"@type\":\"ImageObject\",\"inLanguage\":\"pl-PL\",\"@id\":\"http:\/\/apartamentlazurowy.pl\/leba\/#\/schema\/logo\/image\/\",\"url\":\"https:\/\/apartamentlazurowy.pl\/leba\/wp-content\/uploads\/2021\/03\/cropped-apartament_lazurowy.png\",\"contentUrl\":\"https:\/\/apartamentlazurowy.pl\/leba\/wp-content\/uploads\/2021\/03\/cropped-apartament_lazurowy.png\",\"width\":1950,\"height\":250,\"caption\":\"Apartament z basenem nad morzem\"},\"image\":{\"@id\":\"http:\/\/apartamentlazurowy.pl\/leba\/#\/schema\/logo\/image\/\"}}]}<\/script>\n<!-- \/ Yoast SEO plugin. -->","yoast_head_json":{"title":"Apartament Lazurowy z basenem nad morzem w \u0141ebie Noclegi nad morzem","description":"Apartamenty \u0141eba z basem nad morzem. Noclegi nad morzem. Apartament Lazurowy mieszkanie na wynajem nad morzem z basenem. Kort tenisowy boisko","robots":{"index":"index","follow":"follow","max-snippet":"max-snippet:-1","max-image-preview":"max-image-preview:large","max-video-preview":"max-video-preview:-1"},"canonical":"http:\/\/apartamentlazurowy.pl\/leba\/","og_locale":"pl_PL","og_type":"article","og_title":"Apartament Lazurowy z basenem nad morzem w \u0141ebie Noclegi nad morzem","og_description":"Apartamenty \u0141eba z basem nad morzem. Noclegi nad morzem. Apartament Lazurowy mieszkanie na wynajem nad morzem z basenem. Kort tenisowy boisko","og_url":"http:\/\/apartamentlazurowy.pl\/leba\/","og_site_name":"Apartament z basenem nad morzem","article_modified_time":"2021-03-15T08:28:14+00:00","og_image":[{"width":2560,"height":1714,"url":"http:\/\/apartamentlazurowy.pl\/leba\/wp-content\/uploads\/2021\/03\/osiedle_022-scaled.jpg","type":"image\/jpeg"}],"twitter_card":"summary_large_image","twitter_misc":{"Szacowany czas czytania":"1 minuta"},"schema":{"@context":"https:\/\/schema.org","@graph":[{"@type":"WebPage","@id":"http:\/\/apartamentlazurowy.pl\/leba\/","url":"http:\/\/apartamentlazurowy.pl\/leba\/","name":"Apartament Lazurowy z basenem nad morzem w \u0141ebie Noclegi nad morzem","isPartOf":{"@id":"http:\/\/apartamentlazurowy.pl\/leba\/#website"},"primaryImageOfPage":{"@id":"http:\/\/apartamentlazurowy.pl\/leba\/#primaryimage"},"image":{"@id":"http:\/\/apartamentlazurowy.pl\/leba\/#primaryimage"},"thumbnailUrl":"https:\/\/apartamentlazurowy.pl\/leba\/wp-content\/uploads\/2021\/03\/osiedle_022-scaled.jpg","datePublished":"2021-03-09T08:16:16+00:00","dateModified":"2021-03-15T08:28:14+00:00","description":"Apartamenty \u0141eba z basem nad morzem. Noclegi nad morzem. Apartament Lazurowy mieszkanie na wynajem nad morzem z basenem. Kort tenisowy boisko","breadcrumb":{"@id":"http:\/\/apartamentlazurowy.pl\/leba\/#breadcrumb"},"inLanguage":"pl-PL","potentialAction":[{"@type":"ReadAction","target":["http:\/\/apartamentlazurowy.pl\/leba\/"]}]},{"@type":"ImageObject","inLanguage":"pl-PL","@id":"http:\/\/apartamentlazurowy.pl\/leba\/#primaryimage","url":"https:\/\/apartamentlazurowy.pl\/leba\/wp-content\/uploads\/2021\/03\/osiedle_022-scaled.jpg","contentUrl":"https:\/\/apartamentlazurowy.pl\/leba\/wp-content\/uploads\/2021\/03\/osiedle_022-scaled.jpg","width":2560,"height":1714,"caption":"apartament z basenem"},{"@type":"BreadcrumbList","@id":"http:\/\/apartamentlazurowy.pl\/leba\/#breadcrumb","itemListElement":[{"@type":"ListItem","position":1,"name":"Strona g\u0142\u00f3wna","item":"http:\/\/apartamentlazurowy.pl\/leba\/"},{"@type":"ListItem","position":2,"name":"Apartament Lazurowy z basenem nad morzem w \u0141ebie"}]},{"@type":"WebSite","@id":"http:\/\/apartamentlazurowy.pl\/leba\/#website","url":"http:\/\/apartamentlazurowy.pl\/leba\/","name":"Apartament z basenem nad morzem","description":"Noclegi, \u0141eba, Basen, Kort, Tel. 607 977 015","publisher":{"@id":"http:\/\/apartamentlazurowy.pl\/leba\/#organization"},"potentialAction":[{"@type":"SearchAction","target":{"@type":"EntryPoint","urlTemplate":"http:\/\/apartamentlazurowy.pl\/leba\/?s={search_term_string}"},"query-input":{"@type":"PropertyValueSpecification","valueRequired":true,"valueName":"search_term_string"}}],"inLanguage":"pl-PL"},{"@type":"Organization","@id":"http:\/\/apartamentlazurowy.pl\/leba\/#organization","name":"Apartament z basenem nad morzem","url":"http:\/\/apartamentlazurowy.pl\/leba\/","logo":{"@type":"ImageObject","inLanguage":"pl-PL","@id":"http:\/\/apartamentlazurowy.pl\/leba\/#\/schema\/logo\/image\/","url":"https:\/\/apartamentlazurowy.pl\/leba\/wp-content\/uploads\/2021\/03\/cropped-apartament_lazurowy.png","contentUrl":"https:\/\/apartamentlazurowy.pl\/leba\/wp-content\/uploads\/2021\/03\/cropped-apartament_lazurowy.png","width":1950,"height":250,"caption":"Apartament z basenem nad morzem"},"image":{"@id":"http:\/\/apartamentlazurowy.pl\/leba\/#\/schema\/logo\/image\/"}}]}},"_links":{"self":[{"href":"https:\/\/apartamentlazurowy.pl\/leba\/wp-json\/wp\/v2\/pages\/8","targetHints":{"allow":["GET"]}}],"collection":[{"href":"https:\/\/apartamentlazurowy.pl\/leba\/wp-json\/wp\/v2\/pages"}],"about":[{"href":"https:\/\/apartamentlazurowy.pl\/leba\/wp-json\/wp\/v2\/types\/page"}],"author":[{"embeddable":true,"href":"https:\/\/apartamentlazurowy.pl\/leba\/wp-json\/wp\/v2\/users\/1"}],"replies":[{"embeddable":true,"href":"https:\/\/apartamentlazurowy.pl\/leba\/wp-json\/wp\/v2\/comments?post=8"}],"version-history":[{"count":6,"href":"https:\/\/apartamentlazurowy.pl\/leba\/wp-json\/wp\/v2\/pages\/8\/revisions"}],"predecessor-version":[{"id":53,"href":"https:\/\/apartamentlazurowy.pl\/leba\/wp-json\/wp\/v2\/pages\/8\/revisions\/53"}],"wp:featuredmedia":[{"embeddable":true,"href":"https:\/\/apartamentlazurowy.pl\/leba\/wp-json\/wp\/v2\/media\/49"}],"wp:attachment":[{"href":"https:\/\/apartamentlazurowy.pl\/leba\/wp-json\/wp\/v2\/media?parent=8"}],"curies":[{"name":"wp","href":"https:\/\/api.w.org\/{rel}","templated":true}]}}