{"id":86,"date":"2021-03-10T21:50:06","date_gmt":"2021-03-10T21:50:06","guid":{"rendered":"http:\/\/apartamentlazurowy.pl\/leba\/noclegi\/?page_id=86"},"modified":"2021-03-10T21:54:22","modified_gmt":"2021-03-10T21:54:22","slug":"okolica_leby","status":"publish","type":"page","link":"https:\/\/apartamentlazurowy.pl\/leba\/okolica_leby\/","title":{"rendered":"Okolica"},"content":{"rendered":"\n<figure class=\"wp-block-table\"><table><tbody><tr><td><br>Okolica apartamentu &#8211; \u0141eba, morze, jeziora, lasy, ruchome wydmy, konie, rowery, basen, kort, wypoczynek&#8230;.<br><br>W konkursie serwisu turystycznego Wirtualnej Polski turystyka.wp.pl na\u00a0<strong>Najpi\u0119kniejsze Miejsca nad Ba\u0142tykiem<\/strong>\u00a0&#8211; miejsce 1 to \u0141eba. Uzasadnienie m.in to &#8222;G\u0142\u00f3wne atuty \u0141eby to pi\u0119kna, szeroka pla\u017ca oraz bliskie s\u0105siedztwo S\u0142owi\u0144skiego Parku Narodowego. (&#8230;)&#8221;<br><br>W okolicy znajduje si\u0119 wiele ciekawych miejsc, kt\u00f3re warto zobaczy\u0107. My szczeg\u00f3lnie polecamy: S\u0142owi\u0144ski Park Narodowy &#8211; uznany przez UNESCO za \u015awiatowy Rezerwat Biosfery Ruchome wydmy &#8211; piasek pod wp\u0142ywem wiatru w\u0119druje na wsch\u00f3d z szybko\u015bci\u0105 3-10 metr\u00f3w rocznie. Morze, jeziora, lasy, \u015bwie\u017ce powietrze, mikroklimat, dzika przyroda &#8230;.<br>na pocz\u0105tek zobaczcie Pa\u0144stwo sami &#8230;<br>Pla\u017ca w \u0141ebie &#8211; co pisz\u0105 fachowcy: Za najpi\u0119kniejsze pla\u017ce w Polsce uchodz\u0105 jednak te nad otwartym morzem. S\u0105 szerokie i piaszczyste, a malowniczo\u015b\u0107 pot\u0119guje fakt, \u017ce doj\u015bcie do nich prowadzi przez pachn\u0105cy las. Wzorowa w tej kwestii jest \u0141eba &#8211; tutejsza Pla\u017ca B wypad\u0142a w raporcie znakomicie.<\/td><\/tr><\/tbody><\/table><\/figure>\n","protected":false},"excerpt":{"rendered":"<p>Okolica apartamentu &#8211; \u0141eba, morze, jeziora, lasy, ruchome wydmy, konie, rowery, basen, kort, wypoczynek&#8230;. W konkursie serwisu turystycznego Wirtualnej Polski turystyka.wp.pl na\u00a0Najpi\u0119kniejsze Miejsca nad Ba\u0142tykiem\u00a0&#8211; miejsce 1 to \u0141eba. Uzasadnienie m.in to &#8222;G\u0142\u00f3wne atuty \u0141eby to pi\u0119kna, szeroka pla\u017ca oraz bliskie s\u0105siedztwo S\u0142owi\u0144skiego Parku Narodowego. (&#8230;)&#8221; W okolicy znajduje si\u0119 wiele ciekawych miejsc, kt\u00f3re warto &hellip; <\/p>\n<p class=\"link-more\"><a href=\"https:\/\/apartamentlazurowy.pl\/leba\/okolica_leby\/\" class=\"more-link\">Czytaj dalej<span class=\"screen-reader-text\"> \u201eOkolica\u201d<\/span><\/a><\/p>\n","protected":false},"author":1,"featured_media":87,"parent":0,"menu_order":0,"comment_status":"closed","ping_status":"closed","template":"","meta":{"footnotes":""},"class_list":["post-86","page","type-page","status-publish","has-post-thumbnail","hentry"],"yoast_head":"<!-- This site is optimized with the Yoast SEO plugin v24.7 - https:\/\/yoast.com\/wordpress\/plugins\/seo\/ -->\n<title>Okolica - Apartament z basenem nad morzem<\/title>\n<meta name=\"robots\" content=\"index, follow, max-snippet:-1, max-image-preview:large, max-video-preview:-1\" \/>\n<link rel=\"canonical\" href=\"https:\/\/apartamentlazurowy.pl\/leba\/okolica_leby\/\" \/>\n<meta property=\"og:locale\" content=\"pl_PL\" \/>\n<meta property=\"og:type\" content=\"article\" \/>\n<meta property=\"og:title\" content=\"Okolica - Apartament z basenem nad morzem\" \/>\n<meta property=\"og:description\" content=\"Okolica apartamentu &#8211; \u0141eba, morze, jeziora, lasy, ruchome wydmy, konie, rowery, basen, kort, wypoczynek&#8230;. W konkursie serwisu turystycznego Wirtualnej Polski turystyka.wp.pl na\u00a0Najpi\u0119kniejsze Miejsca nad Ba\u0142tykiem\u00a0&#8211; miejsce 1 to \u0141eba. Uzasadnienie m.in to &#8222;G\u0142\u00f3wne atuty \u0141eby to pi\u0119kna, szeroka pla\u017ca oraz bliskie s\u0105siedztwo S\u0142owi\u0144skiego Parku Narodowego. (&#8230;)&#8221; W okolicy znajduje si\u0119 wiele ciekawych miejsc, kt\u00f3re warto &hellip; Czytaj dalej \u201eOkolica\u201d\" \/>\n<meta property=\"og:url\" content=\"https:\/\/apartamentlazurowy.pl\/leba\/okolica_leby\/\" \/>\n<meta property=\"og:site_name\" content=\"Apartament z basenem nad morzem\" \/>\n<meta property=\"article:modified_time\" content=\"2021-03-10T21:54:22+00:00\" \/>\n<meta property=\"og:image\" content=\"https:\/\/apartamentlazurowy.pl\/leba\/wp-content\/uploads\/2021\/03\/okolica-leby-ruchome-wydmy.jpg\" \/>\n\t<meta property=\"og:image:width\" content=\"2500\" \/>\n\t<meta property=\"og:image:height\" content=\"1674\" \/>\n\t<meta property=\"og:image:type\" content=\"image\/jpeg\" \/>\n<meta name=\"twitter:card\" content=\"summary_large_image\" \/>\n<meta name=\"twitter:label1\" content=\"Szacowany czas czytania\" \/>\n\t<meta name=\"twitter:data1\" content=\"1 minuta\" \/>\n<script type=\"application\/ld+json\" class=\"yoast-schema-graph\">{\"@context\":\"https:\/\/schema.org\",\"@graph\":[{\"@type\":\"WebPage\",\"@id\":\"https:\/\/apartamentlazurowy.pl\/leba\/okolica_leby\/\",\"url\":\"https:\/\/apartamentlazurowy.pl\/leba\/okolica_leby\/\",\"name\":\"Okolica - Apartament z basenem nad morzem\",\"isPartOf\":{\"@id\":\"https:\/\/apartamentlazurowy.pl\/leba\/#website\"},\"primaryImageOfPage\":{\"@id\":\"https:\/\/apartamentlazurowy.pl\/leba\/okolica_leby\/#primaryimage\"},\"image\":{\"@id\":\"https:\/\/apartamentlazurowy.pl\/leba\/okolica_leby\/#primaryimage\"},\"thumbnailUrl\":\"https:\/\/apartamentlazurowy.pl\/leba\/wp-content\/uploads\/2021\/03\/okolica-leby-ruchome-wydmy.jpg\",\"datePublished\":\"2021-03-10T21:50:06+00:00\",\"dateModified\":\"2021-03-10T21:54:22+00:00\",\"breadcrumb\":{\"@id\":\"https:\/\/apartamentlazurowy.pl\/leba\/okolica_leby\/#breadcrumb\"},\"inLanguage\":\"pl-PL\",\"potentialAction\":[{\"@type\":\"ReadAction\",\"target\":[\"https:\/\/apartamentlazurowy.pl\/leba\/okolica_leby\/\"]}]},{\"@type\":\"ImageObject\",\"inLanguage\":\"pl-PL\",\"@id\":\"https:\/\/apartamentlazurowy.pl\/leba\/okolica_leby\/#primaryimage\",\"url\":\"https:\/\/apartamentlazurowy.pl\/leba\/wp-content\/uploads\/2021\/03\/okolica-leby-ruchome-wydmy.jpg\",\"contentUrl\":\"https:\/\/apartamentlazurowy.pl\/leba\/wp-content\/uploads\/2021\/03\/okolica-leby-ruchome-wydmy.jpg\",\"width\":2500,\"height\":1674,\"caption\":\"okolica \u0142eby ruchome wydmy\"},{\"@type\":\"BreadcrumbList\",\"@id\":\"https:\/\/apartamentlazurowy.pl\/leba\/okolica_leby\/#breadcrumb\",\"itemListElement\":[{\"@type\":\"ListItem\",\"position\":1,\"name\":\"Strona g\u0142\u00f3wna\",\"item\":\"https:\/\/apartamentlazurowy.pl\/leba\/\"},{\"@type\":\"ListItem\",\"position\":2,\"name\":\"Okolica\"}]},{\"@type\":\"WebSite\",\"@id\":\"https:\/\/apartamentlazurowy.pl\/leba\/#website\",\"url\":\"https:\/\/apartamentlazurowy.pl\/leba\/\",\"name\":\"Apartament z basenem nad morzem\",\"description\":\"Noclegi, \u0141eba, Basen, Kort, Tel. 607 977 015\",\"publisher\":{\"@id\":\"https:\/\/apartamentlazurowy.pl\/leba\/#organization\"},\"potentialAction\":[{\"@type\":\"SearchAction\",\"target\":{\"@type\":\"EntryPoint\",\"urlTemplate\":\"https:\/\/apartamentlazurowy.pl\/leba\/?s={search_term_string}\"},\"query-input\":{\"@type\":\"PropertyValueSpecification\",\"valueRequired\":true,\"valueName\":\"search_term_string\"}}],\"inLanguage\":\"pl-PL\"},{\"@type\":\"Organization\",\"@id\":\"https:\/\/apartamentlazurowy.pl\/leba\/#organization\",\"name\":\"Apartament z basenem nad morzem\",\"url\":\"https:\/\/apartamentlazurowy.pl\/leba\/\",\"logo\":{\"@type\":\"ImageObject\",\"inLanguage\":\"pl-PL\",\"@id\":\"https:\/\/apartamentlazurowy.pl\/leba\/#\/schema\/logo\/image\/\",\"url\":\"https:\/\/apartamentlazurowy.pl\/leba\/wp-content\/uploads\/2021\/03\/cropped-apartament_lazurowy.png\",\"contentUrl\":\"https:\/\/apartamentlazurowy.pl\/leba\/wp-content\/uploads\/2021\/03\/cropped-apartament_lazurowy.png\",\"width\":1950,\"height\":250,\"caption\":\"Apartament z basenem nad morzem\"},\"image\":{\"@id\":\"https:\/\/apartamentlazurowy.pl\/leba\/#\/schema\/logo\/image\/\"}}]}<\/script>\n<!-- \/ Yoast SEO plugin. -->","yoast_head_json":{"title":"Okolica - Apartament z basenem nad morzem","robots":{"index":"index","follow":"follow","max-snippet":"max-snippet:-1","max-image-preview":"max-image-preview:large","max-video-preview":"max-video-preview:-1"},"canonical":"https:\/\/apartamentlazurowy.pl\/leba\/okolica_leby\/","og_locale":"pl_PL","og_type":"article","og_title":"Okolica - Apartament z basenem nad morzem","og_description":"Okolica apartamentu &#8211; \u0141eba, morze, jeziora, lasy, ruchome wydmy, konie, rowery, basen, kort, wypoczynek&#8230;. W konkursie serwisu turystycznego Wirtualnej Polski turystyka.wp.pl na\u00a0Najpi\u0119kniejsze Miejsca nad Ba\u0142tykiem\u00a0&#8211; miejsce 1 to \u0141eba. Uzasadnienie m.in to &#8222;G\u0142\u00f3wne atuty \u0141eby to pi\u0119kna, szeroka pla\u017ca oraz bliskie s\u0105siedztwo S\u0142owi\u0144skiego Parku Narodowego. (&#8230;)&#8221; W okolicy znajduje si\u0119 wiele ciekawych miejsc, kt\u00f3re warto &hellip; Czytaj dalej \u201eOkolica\u201d","og_url":"https:\/\/apartamentlazurowy.pl\/leba\/okolica_leby\/","og_site_name":"Apartament z basenem nad morzem","article_modified_time":"2021-03-10T21:54:22+00:00","og_image":[{"width":2500,"height":1674,"url":"https:\/\/apartamentlazurowy.pl\/leba\/wp-content\/uploads\/2021\/03\/okolica-leby-ruchome-wydmy.jpg","type":"image\/jpeg"}],"twitter_card":"summary_large_image","twitter_misc":{"Szacowany czas czytania":"1 minuta"},"schema":{"@context":"https:\/\/schema.org","@graph":[{"@type":"WebPage","@id":"https:\/\/apartamentlazurowy.pl\/leba\/okolica_leby\/","url":"https:\/\/apartamentlazurowy.pl\/leba\/okolica_leby\/","name":"Okolica - Apartament z basenem nad morzem","isPartOf":{"@id":"https:\/\/apartamentlazurowy.pl\/leba\/#website"},"primaryImageOfPage":{"@id":"https:\/\/apartamentlazurowy.pl\/leba\/okolica_leby\/#primaryimage"},"image":{"@id":"https:\/\/apartamentlazurowy.pl\/leba\/okolica_leby\/#primaryimage"},"thumbnailUrl":"https:\/\/apartamentlazurowy.pl\/leba\/wp-content\/uploads\/2021\/03\/okolica-leby-ruchome-wydmy.jpg","datePublished":"2021-03-10T21:50:06+00:00","dateModified":"2021-03-10T21:54:22+00:00","breadcrumb":{"@id":"https:\/\/apartamentlazurowy.pl\/leba\/okolica_leby\/#breadcrumb"},"inLanguage":"pl-PL","potentialAction":[{"@type":"ReadAction","target":["https:\/\/apartamentlazurowy.pl\/leba\/okolica_leby\/"]}]},{"@type":"ImageObject","inLanguage":"pl-PL","@id":"https:\/\/apartamentlazurowy.pl\/leba\/okolica_leby\/#primaryimage","url":"https:\/\/apartamentlazurowy.pl\/leba\/wp-content\/uploads\/2021\/03\/okolica-leby-ruchome-wydmy.jpg","contentUrl":"https:\/\/apartamentlazurowy.pl\/leba\/wp-content\/uploads\/2021\/03\/okolica-leby-ruchome-wydmy.jpg","width":2500,"height":1674,"caption":"okolica \u0142eby ruchome wydmy"},{"@type":"BreadcrumbList","@id":"https:\/\/apartamentlazurowy.pl\/leba\/okolica_leby\/#breadcrumb","itemListElement":[{"@type":"ListItem","position":1,"name":"Strona g\u0142\u00f3wna","item":"https:\/\/apartamentlazurowy.pl\/leba\/"},{"@type":"ListItem","position":2,"name":"Okolica"}]},{"@type":"WebSite","@id":"https:\/\/apartamentlazurowy.pl\/leba\/#website","url":"https:\/\/apartamentlazurowy.pl\/leba\/","name":"Apartament z basenem nad morzem","description":"Noclegi, \u0141eba, Basen, Kort, Tel. 607 977 015","publisher":{"@id":"https:\/\/apartamentlazurowy.pl\/leba\/#organization"},"potentialAction":[{"@type":"SearchAction","target":{"@type":"EntryPoint","urlTemplate":"https:\/\/apartamentlazurowy.pl\/leba\/?s={search_term_string}"},"query-input":{"@type":"PropertyValueSpecification","valueRequired":true,"valueName":"search_term_string"}}],"inLanguage":"pl-PL"},{"@type":"Organization","@id":"https:\/\/apartamentlazurowy.pl\/leba\/#organization","name":"Apartament z basenem nad morzem","url":"https:\/\/apartamentlazurowy.pl\/leba\/","logo":{"@type":"ImageObject","inLanguage":"pl-PL","@id":"https:\/\/apartamentlazurowy.pl\/leba\/#\/schema\/logo\/image\/","url":"https:\/\/apartamentlazurowy.pl\/leba\/wp-content\/uploads\/2021\/03\/cropped-apartament_lazurowy.png","contentUrl":"https:\/\/apartamentlazurowy.pl\/leba\/wp-content\/uploads\/2021\/03\/cropped-apartament_lazurowy.png","width":1950,"height":250,"caption":"Apartament z basenem nad morzem"},"image":{"@id":"https:\/\/apartamentlazurowy.pl\/leba\/#\/schema\/logo\/image\/"}}]}},"_links":{"self":[{"href":"https:\/\/apartamentlazurowy.pl\/leba\/wp-json\/wp\/v2\/pages\/86","targetHints":{"allow":["GET"]}}],"collection":[{"href":"https:\/\/apartamentlazurowy.pl\/leba\/wp-json\/wp\/v2\/pages"}],"about":[{"href":"https:\/\/apartamentlazurowy.pl\/leba\/wp-json\/wp\/v2\/types\/page"}],"author":[{"embeddable":true,"href":"https:\/\/apartamentlazurowy.pl\/leba\/wp-json\/wp\/v2\/users\/1"}],"replies":[{"embeddable":true,"href":"https:\/\/apartamentlazurowy.pl\/leba\/wp-json\/wp\/v2\/comments?post=86"}],"version-history":[{"count":2,"href":"https:\/\/apartamentlazurowy.pl\/leba\/wp-json\/wp\/v2\/pages\/86\/revisions"}],"predecessor-version":[{"id":92,"href":"https:\/\/apartamentlazurowy.pl\/leba\/wp-json\/wp\/v2\/pages\/86\/revisions\/92"}],"wp:featuredmedia":[{"embeddable":true,"href":"https:\/\/apartamentlazurowy.pl\/leba\/wp-json\/wp\/v2\/media\/87"}],"wp:attachment":[{"href":"https:\/\/apartamentlazurowy.pl\/leba\/wp-json\/wp\/v2\/media?parent=86"}],"curies":[{"name":"wp","href":"https:\/\/api.w.org\/{rel}","templated":true}]}}